{"id":9737,"date":"2025-12-05T17:17:27","date_gmt":"2025-12-05T17:17:27","guid":{"rendered":"https:\/\/c5-staging.1000headsdev.com\/cookie-richtlinie\/"},"modified":"2026-01-13T13:20:49","modified_gmt":"2026-01-13T13:20:49","slug":"cookie-richtlinie","status":"publish","type":"page","link":"https:\/\/cosmo5.luke.1000headsdev.com\/de-de\/cookie-richtlinie\/","title":{"rendered":"Cookie-Richtlinie"},"content":{"rendered":"\r\n<section  class=\"page-hero-banner hero-banner-mode no-bg\">\r\n\t<div class=\"container-fluid\">\r\n\t\t<div class=\"blob five\"><\/div>\r\n\t\t<div class=\"hero-banner-container no-gradient\">\r\n\t\t\t<div class=\"hero-banner-content\">\r\n\t\t\t\t<div class=\"banner-main-content\">\r\n\t\t\t\t\t<div class=\"banner-left\">\r\n\t\t\t\t\t\t<nav class=\"banner-breadcrumb\"><span><span><a href=\"https:\/\/cosmo5.luke.1000headsdev.com\/de-de\/\">Home<\/a><\/span><\/span><\/nav>\t\t\t\t\t\t\t\t\t\t\t\t\t<h1 id=\"page-title\" class=\"banner-headline\">\r\n\t\t\t\t\t\t\t\tCookie-Richtlinie\t\t\t\t\t\t\t<\/h1>\r\n\t\t\t\t\t\t\t\t\t\t\t\t\t\t\t\t\t<\/div>\r\n\r\n\t\t\t\t\t\t\t\t\t<\/div>\r\n\t\t\t<\/div>\r\n\r\n\t\t\t<div class=\"hero-observer-sentinel\" aria-hidden=\"true\"><\/div>\r\n\t\t<\/div>\r\n\t<\/div>\r\n<\/section><div class=\"wp-block-paragraph\">\n<p>Zuletzt aktualisiert: 15 April 2025<\/p>\n<\/div>\n<h2 class=\"wp-block-heading\">1. Was sind Cookies?<\/h2>\n<div class=\"wp-block-paragraph\">\n<p>Cookies sind kleine Textdateien, die von Websites, die Sie besuchen, auf Ihrem Ger\u00e4t abgelegt werden. Sie erm\u00f6glichen die ordnungsgem\u00e4\u00dfe Funktion von Websites, verbessern die Benutzerfreundlichkeit und liefern Nutzungsdaten f\u00fcr Analysen. <\/p>\n<\/div>\n<hr class=\"wp-block-separator has-alpha-channel-opacity\"\/>\n\n<h2 class=\"wp-block-heading\">2. Wie wir Cookies verwenden<\/h2>\n<div class=\"wp-block-paragraph\">\n<p>Cosmo5 verwendet Cookies, um:<\/p>\n<\/div>\n<ul class=\"wp-block-list\">\n<li>Merken Sie sich Ihre Pr\u00e4ferenzen und Einstellungen<\/li>\n\n\n\n<li>Verbessern Sie die Leistung und Funktionalit\u00e4t Ihrer Website<\/li>\n\n\n\n<li>Analysieren Sie Verkehrs- und Nutzungstrends<\/li>\n\n\n\n<li>Liefern Sie relevante Marketinginhalte<\/li>\n<\/ul>\n\n<hr class=\"wp-block-separator has-alpha-channel-opacity\"\/>\n\n<h2 class=\"wp-block-heading\">3. Arten von Cookies, die wir verwenden<\/h2>\n\n<ul class=\"wp-block-list\">\n<li><strong>Wesentliche Cookies<\/strong>: Erforderlich f\u00fcr grundlegende Funktionen der Website (k\u00f6nnen nicht deaktiviert werden).<\/li>\n\n\n\n<li><strong>Performance-Cookies:<\/strong> Helfen uns zu verstehen, wie Besucher mit der Website interagieren (z.B. Analysen).<\/li>\n\n\n\n<li><strong>Funktionale Cookies<\/strong>: Speichern die Pr\u00e4ferenzen und Entscheidungen des Benutzers.<\/li>\n\n\n\n<li><strong>Marketing Cookies<\/strong>: Verfolgen die Benutzeraktivit\u00e4ten, um gezielte Werbung zu liefern.<\/li>\n<\/ul>\n<div class=\"wp-block-paragraph\">\n<p>F\u00fcr jede Kategorie (mit Ausnahme der wesentlichen) ist Ihre Zustimmung erforderlich, bevor Cookies gesetzt werden.<\/p>\n<\/div>\n<hr class=\"wp-block-separator has-alpha-channel-opacity\"\/>\n\n<h2 class=\"wp-block-heading\">4. Cookies von Drittanbietern<\/h2>\n<div class=\"wp-block-paragraph\">\n<p>Wir k\u00f6nnen Cookies von Drittanbietern verwenden, die uns von vertrauensw\u00fcrdigen Partnern zur Verf\u00fcgung gestellt werden (z. B. Google Analytics, Meta Pixel), um unsere Leistung zu messen und zu optimieren.<br\/>Diese Anbieter k\u00f6nnen Daten au\u00dferhalb des Europ\u00e4ischen Wirtschaftsraums verarbeiten. Wo dies der Fall ist, werden angemessene Schutzma\u00dfnahmen (wie z.B. Standardvertragsklauseln) angewandt.<br\/>Weitere Einzelheiten finden Sie in den Datenschutzrichtlinien dieser Anbieter: <\/p>\n<\/div>\n<ul class=\"wp-block-list\">\n<li><a href=\"https:\/\/policies.google.com\/privacy\">Google<\/a><\/li>\n\n\n\n<li><a href=\"https:\/\/www.facebook.com\/privacy\/policy\/?entry_point=data_policy_redirect&amp;entry=0\">Meta<\/a><\/li>\n<\/ul>\n\n<hr class=\"wp-block-separator has-alpha-channel-opacity\"\/>\n\n<h2 class=\"wp-block-heading\">5. Cookie Dauer<\/h2>\n\n<ul class=\"wp-block-list\">\n<li>Session-Cookies werden gel\u00f6scht, wenn Sie Ihren Browser schlie\u00dfen.<\/li>\n\n\n\n<li>Dauerhafte Cookies verbleiben f\u00fcr maximal 13 Monate auf Ihrem Ger\u00e4t (danach werden sie automatisch gel\u00f6scht oder anonymisiert).<\/li>\n<\/ul>\n\n<hr class=\"wp-block-separator has-alpha-channel-opacity\"\/>\n\n<h2 class=\"wp-block-heading\">6. Wie Sie Cookies kontrollieren<\/h2>\n<div class=\"wp-block-paragraph\">\n<p>Wenn Sie unsere Website zum ersten Mal besuchen, sehen Sie ein Cookie-Banner, das Ihnen die M\u00f6glichkeit gibt:<\/p>\n<\/div>\n<ul class=\"wp-block-list\">\n<li>Alle Cookies akzeptieren<\/li>\n\n\n\n<li>Verweigern Sie alle nicht notwendigen Cookies<\/li>\n\n\n\n<li>Passen Sie Ihre Einstellungen nach Kategorie an<\/li>\n<\/ul>\n<div class=\"wp-block-paragraph\">\n<p>Sie k\u00f6nnen Ihre Zustimmung jederzeit \u00fcber den Link \u201eCookie-Einstellungen\u201c am unteren Rand unserer Website \u00e4ndern oder widerrufen.<\/p>\n<\/div><div class=\"wp-block-paragraph\">\n<p>Sie k\u00f6nnen Cookies auch direkt \u00fcber die Einstellungen Ihres Browsers verwalten, allerdings kann dies Ihr Surferlebnis beeintr\u00e4chtigen.<\/p>\n<\/div>\n<hr class=\"wp-block-separator has-alpha-channel-opacity\"\/>\n\n<h2 class=\"wp-block-heading\">7. Rechtsgrundlage f\u00fcr die Verarbeitung<\/h2>\n<div class=\"wp-block-paragraph\">\n<p>Bei essentiellen Cookies basiert die Verarbeitung auf unserem berechtigten Interesse, die Funktionalit\u00e4t der Website zu gew\u00e4hrleisten.<br\/>Bei allen anderen Cookies basiert die Verarbeitung auf Ihrer ausdr\u00fccklichen Zustimmung, die Sie jederzeit widerrufen k\u00f6nnen.<\/p>\n<\/div>\n<hr class=\"wp-block-separator has-alpha-channel-opacity\"\/>\n\n<h2 class=\"wp-block-heading\">8. \u00c4nderungen an dieser Richtlinie<\/h2>\n<div class=\"wp-block-paragraph\">\n<p>Wir k\u00f6nnen diese Cookie-Richtlinie von Zeit zu Zeit aktualisieren, um \u00c4nderungen in der Technologie oder in den Vorschriften zu ber\u00fccksichtigen. Die \u00fcberarbeitete Version wird auf dieser Seite mit einem aktualisierten Datum ver\u00f6ffentlicht. <\/p>\n<\/div>\n<hr class=\"wp-block-separator has-alpha-channel-opacity\"\/>\n\n<h2 class=\"wp-block-heading\">9. Kontaktieren Sie uns<\/h2>\n<div class=\"wp-block-paragraph\">\n<p>Wenn Sie Fragen zu unserer Verwendung von Cookies haben, wenden Sie sich bitte an uns.<\/p>\n<\/div>\n<h3 class=\"wp-block-heading\">Website-Herausgeber<\/h3>\n<div class=\"wp-block-paragraph\">\n<p>Diese Website wird ver\u00f6ffentlicht von:<br\/><strong>LABYRINTH BIDCO<\/strong><br\/>Franz\u00f6sisches Unternehmen mit einem Kapital von 121.557.723 Euro<br\/>19 rue Martel, 75010 Paris, France<br\/>Eingetragen im franz\u00f6sischen Unternehmensregister (Registre national des entreprises) unter der Nummer 900 657 354<\/p>\n<\/div>\n<h3 class=\"wp-block-heading\">Publikationsleiter<\/h3>\n<div class=\"wp-block-paragraph\">\n<p>Der Herausgeber ist <strong>St\u00e9phane Levy,<\/strong> Pr\u00e4sident von LABYRINTH BIDCO.<\/p>\n<\/div>\n<h3 class=\"wp-block-heading\">Website-Hosting-Anbieter<\/h3>\n<div class=\"wp-block-paragraph\">\n<p>Diese Website wird gehostet von:<br\/>1000heads Pty Ltd<br\/>Suite 3.02, Level 3 414 Kent Street Sydney, NSW 2000 Australia<br\/>+61 2 9251 0491<\/p>\n<\/div>\n<h3 class=\"wp-block-heading\">Datenhosting-Anbieter<br\/><\/h3>\n<div class=\"wp-block-paragraph\">\n<p>Die auf dieser Website verarbeiteten Daten werden von folgendem Unternehmen gehostet:<br\/>1000heads Pty Ltd<br\/>Suite 3.02, Level 3, 414 Kent Street, Sydney, NSW 2000, Australien<br\/>+61 2 9251 0491<\/p>\n<\/div>","protected":false},"excerpt":{"rendered":"<p>Zuletzt aktualisiert: 15 April 2025 1. Was sind Cookies? Cookies sind kleine Textdateien, die von Websites, die Sie besuchen, auf Ihrem Ger\u00e4t abgelegt werden. Sie erm\u00f6glichen die ordnungsgem\u00e4\u00dfe Funktion von Websites, verbessern die Benutzerfreundlichkeit und liefern Nutzungsdaten f\u00fcr Analysen. 2. Wie wir Cookies verwenden Cosmo5 verwendet Cookies, um: 3. Arten von Cookies, die wir verwenden [&hellip;]<\/p>\n","protected":false},"author":32,"featured_media":0,"parent":0,"menu_order":78,"comment_status":"closed","ping_status":"closed","template":"page-simple.php","meta":{"_acf_changed":false,"footnotes":""},"class_list":["post-9737","page","type-page","status-publish","hentry"],"acf":[],"yoast_head":"<!-- This site is optimized with the Yoast SEO plugin v26.5 - https:\/\/yoast.com\/wordpress\/plugins\/seo\/ -->\n<title>Cookie-Richtlinie | Cosmo5<\/title>\n<meta name=\"description\" content=\"Lesen Sie die Cosmo5-Cookie-Richtlinie und erfahren Sie, wie wir Cookies und \u00e4hnliche Technologien verwenden, um die Benutzerfreundlichkeit zu verbessern und die Leistung der Website zu messen.\" \/>\n<meta name=\"robots\" content=\"noindex, follow, max-snippet:-1, max-image-preview:large, max-video-preview:-1\" \/>\n<meta property=\"og:locale\" content=\"de_DE\" \/>\n<meta property=\"og:type\" content=\"article\" \/>\n<meta property=\"og:title\" content=\"Cookie-Richtlinie | Cosmo5\" \/>\n<meta property=\"og:description\" content=\"Lesen Sie die Cosmo5-Cookie-Richtlinie und erfahren Sie, wie wir Cookies und \u00e4hnliche Technologien verwenden, um die Benutzerfreundlichkeit zu verbessern und die Leistung der Website zu messen.\" \/>\n<meta property=\"og:url\" content=\"https:\/\/cosmo5.luke.1000headsdev.com\/de-de\/cookie-richtlinie\/\" \/>\n<meta property=\"og:site_name\" content=\"Cosmo5\" \/>\n<meta property=\"article:modified_time\" content=\"2026-01-13T13:20:49+00:00\" \/>\n<meta name=\"twitter:card\" content=\"summary_large_image\" \/>\n<meta name=\"twitter:label1\" content=\"Gesch\u00e4tzte Lesezeit\" \/>\n\t<meta name=\"twitter:data1\" content=\"3\u00a0Minuten\" \/>\n<script type=\"application\/ld+json\" class=\"yoast-schema-graph\">{\"@context\":\"https:\/\/schema.org\",\"@graph\":[{\"@type\":\"WebPage\",\"@id\":\"https:\/\/cosmo5.luke.1000headsdev.com\/de-de\/cookie-richtlinie\/\",\"url\":\"https:\/\/cosmo5.luke.1000headsdev.com\/de-de\/cookie-richtlinie\/\",\"name\":\"Cookie-Richtlinie | Cosmo5\",\"isPartOf\":{\"@id\":\"https:\/\/cosmo5.luke.1000headsdev.com\/de-de\/#website\"},\"datePublished\":\"2025-12-05T17:17:27+00:00\",\"dateModified\":\"2026-01-13T13:20:49+00:00\",\"description\":\"Lesen Sie die Cosmo5-Cookie-Richtlinie und erfahren Sie, wie wir Cookies und \u00e4hnliche Technologien verwenden, um die Benutzerfreundlichkeit zu verbessern und die Leistung der Website zu messen.\",\"breadcrumb\":{\"@id\":\"https:\/\/cosmo5.luke.1000headsdev.com\/de-de\/cookie-richtlinie\/#breadcrumb\"},\"inLanguage\":\"de\",\"potentialAction\":[{\"@type\":\"ReadAction\",\"target\":[\"https:\/\/cosmo5.luke.1000headsdev.com\/de-de\/cookie-richtlinie\/\"]}]},{\"@type\":\"BreadcrumbList\",\"@id\":\"https:\/\/cosmo5.luke.1000headsdev.com\/de-de\/cookie-richtlinie\/#breadcrumb\",\"itemListElement\":[{\"@type\":\"ListItem\",\"position\":1,\"name\":\"Home\",\"item\":\"https:\/\/cosmo5.luke.1000headsdev.com\/de-de\/\"},{\"@type\":\"ListItem\",\"position\":2,\"name\":\"Cookie-Richtlinie\"}]},{\"@type\":\"WebSite\",\"@id\":\"https:\/\/cosmo5.luke.1000headsdev.com\/de-de\/#website\",\"url\":\"https:\/\/cosmo5.luke.1000headsdev.com\/de-de\/\",\"name\":\"Cosmo5\",\"description\":\"\",\"publisher\":{\"@id\":\"https:\/\/cosmo5.luke.1000headsdev.com\/de-de\/#organization\"},\"potentialAction\":[{\"@type\":\"SearchAction\",\"target\":{\"@type\":\"EntryPoint\",\"urlTemplate\":\"https:\/\/cosmo5.luke.1000headsdev.com\/de-de\/?s={search_term_string}\"},\"query-input\":{\"@type\":\"PropertyValueSpecification\",\"valueRequired\":true,\"valueName\":\"search_term_string\"}}],\"inLanguage\":\"de\"},{\"@type\":\"Organization\",\"@id\":\"https:\/\/cosmo5.luke.1000headsdev.com\/de-de\/#organization\",\"name\":\"Cosmo5\",\"url\":\"https:\/\/cosmo5.luke.1000headsdev.com\/de-de\/\",\"logo\":{\"@type\":\"ImageObject\",\"inLanguage\":\"de\",\"@id\":\"https:\/\/cosmo5.luke.1000headsdev.com\/de-de\/#\/schema\/logo\/image\/\",\"url\":\"https:\/\/cosmo5.luke.1000headsdev.com\/wp-content\/uploads\/2025\/12\/c5_logo.svg\",\"contentUrl\":\"https:\/\/cosmo5.luke.1000headsdev.com\/wp-content\/uploads\/2025\/12\/c5_logo.svg\",\"caption\":\"Cosmo5\"},\"image\":{\"@id\":\"https:\/\/cosmo5.luke.1000headsdev.com\/de-de\/#\/schema\/logo\/image\/\"}}]}<\/script>\n<!-- \/ Yoast SEO plugin. -->","yoast_head_json":{"title":"Cookie-Richtlinie | Cosmo5","description":"Lesen Sie die Cosmo5-Cookie-Richtlinie und erfahren Sie, wie wir Cookies und \u00e4hnliche Technologien verwenden, um die Benutzerfreundlichkeit zu verbessern und die Leistung der Website zu messen.","robots":{"index":"noindex","follow":"follow","max-snippet":"max-snippet:-1","max-image-preview":"max-image-preview:large","max-video-preview":"max-video-preview:-1"},"og_locale":"de_DE","og_type":"article","og_title":"Cookie-Richtlinie | Cosmo5","og_description":"Lesen Sie die Cosmo5-Cookie-Richtlinie und erfahren Sie, wie wir Cookies und \u00e4hnliche Technologien verwenden, um die Benutzerfreundlichkeit zu verbessern und die Leistung der Website zu messen.","og_url":"https:\/\/cosmo5.luke.1000headsdev.com\/de-de\/cookie-richtlinie\/","og_site_name":"Cosmo5","article_modified_time":"2026-01-13T13:20:49+00:00","twitter_card":"summary_large_image","twitter_misc":{"Gesch\u00e4tzte Lesezeit":"3\u00a0Minuten"},"schema":{"@context":"https:\/\/schema.org","@graph":[{"@type":"WebPage","@id":"https:\/\/cosmo5.luke.1000headsdev.com\/de-de\/cookie-richtlinie\/","url":"https:\/\/cosmo5.luke.1000headsdev.com\/de-de\/cookie-richtlinie\/","name":"Cookie-Richtlinie | Cosmo5","isPartOf":{"@id":"https:\/\/cosmo5.luke.1000headsdev.com\/de-de\/#website"},"datePublished":"2025-12-05T17:17:27+00:00","dateModified":"2026-01-13T13:20:49+00:00","description":"Lesen Sie die Cosmo5-Cookie-Richtlinie und erfahren Sie, wie wir Cookies und \u00e4hnliche Technologien verwenden, um die Benutzerfreundlichkeit zu verbessern und die Leistung der Website zu messen.","breadcrumb":{"@id":"https:\/\/cosmo5.luke.1000headsdev.com\/de-de\/cookie-richtlinie\/#breadcrumb"},"inLanguage":"de","potentialAction":[{"@type":"ReadAction","target":["https:\/\/cosmo5.luke.1000headsdev.com\/de-de\/cookie-richtlinie\/"]}]},{"@type":"BreadcrumbList","@id":"https:\/\/cosmo5.luke.1000headsdev.com\/de-de\/cookie-richtlinie\/#breadcrumb","itemListElement":[{"@type":"ListItem","position":1,"name":"Home","item":"https:\/\/cosmo5.luke.1000headsdev.com\/de-de\/"},{"@type":"ListItem","position":2,"name":"Cookie-Richtlinie"}]},{"@type":"WebSite","@id":"https:\/\/cosmo5.luke.1000headsdev.com\/de-de\/#website","url":"https:\/\/cosmo5.luke.1000headsdev.com\/de-de\/","name":"Cosmo5","description":"","publisher":{"@id":"https:\/\/cosmo5.luke.1000headsdev.com\/de-de\/#organization"},"potentialAction":[{"@type":"SearchAction","target":{"@type":"EntryPoint","urlTemplate":"https:\/\/cosmo5.luke.1000headsdev.com\/de-de\/?s={search_term_string}"},"query-input":{"@type":"PropertyValueSpecification","valueRequired":true,"valueName":"search_term_string"}}],"inLanguage":"de"},{"@type":"Organization","@id":"https:\/\/cosmo5.luke.1000headsdev.com\/de-de\/#organization","name":"Cosmo5","url":"https:\/\/cosmo5.luke.1000headsdev.com\/de-de\/","logo":{"@type":"ImageObject","inLanguage":"de","@id":"https:\/\/cosmo5.luke.1000headsdev.com\/de-de\/#\/schema\/logo\/image\/","url":"https:\/\/cosmo5.luke.1000headsdev.com\/wp-content\/uploads\/2025\/12\/c5_logo.svg","contentUrl":"https:\/\/cosmo5.luke.1000headsdev.com\/wp-content\/uploads\/2025\/12\/c5_logo.svg","caption":"Cosmo5"},"image":{"@id":"https:\/\/cosmo5.luke.1000headsdev.com\/de-de\/#\/schema\/logo\/image\/"}}]}},"_links":{"self":[{"href":"https:\/\/cosmo5.luke.1000headsdev.com\/de-de\/wp-json\/wp\/v2\/pages\/9737","targetHints":{"allow":["GET"]}}],"collection":[{"href":"https:\/\/cosmo5.luke.1000headsdev.com\/de-de\/wp-json\/wp\/v2\/pages"}],"about":[{"href":"https:\/\/cosmo5.luke.1000headsdev.com\/de-de\/wp-json\/wp\/v2\/types\/page"}],"author":[{"embeddable":true,"href":"https:\/\/cosmo5.luke.1000headsdev.com\/de-de\/wp-json\/wp\/v2\/users\/32"}],"replies":[{"embeddable":true,"href":"https:\/\/cosmo5.luke.1000headsdev.com\/de-de\/wp-json\/wp\/v2\/comments?post=9737"}],"version-history":[{"count":7,"href":"https:\/\/cosmo5.luke.1000headsdev.com\/de-de\/wp-json\/wp\/v2\/pages\/9737\/revisions"}],"predecessor-version":[{"id":19213,"href":"https:\/\/cosmo5.luke.1000headsdev.com\/de-de\/wp-json\/wp\/v2\/pages\/9737\/revisions\/19213"}],"wp:attachment":[{"href":"https:\/\/cosmo5.luke.1000headsdev.com\/de-de\/wp-json\/wp\/v2\/media?parent=9737"}],"curies":[{"name":"wp","href":"https:\/\/api.w.org\/{rel}","templated":true}]}}