{"id":9838,"date":"2025-12-05T17:10:56","date_gmt":"2025-12-05T17:10:56","guid":{"rendered":"https:\/\/c5-staging.1000headsdev.com\/nutzungsbedingungen\/"},"modified":"2026-01-12T19:25:44","modified_gmt":"2026-01-12T19:25:44","slug":"nutzungsbedingungen","status":"publish","type":"page","link":"https:\/\/cosmo5.luke.1000headsdev.com\/de-de\/nutzungsbedingungen\/","title":{"rendered":"Nutzungsbedingungen"},"content":{"rendered":"\r\n<section  class=\"page-hero-banner hero-banner-mode no-bg\">\r\n\t<div class=\"container-fluid\">\r\n\t\t<div class=\"blob five\"><\/div>\r\n\t\t<div class=\"hero-banner-container no-gradient\">\r\n\t\t\t<div class=\"hero-banner-content\">\r\n\t\t\t\t<div class=\"banner-main-content\">\r\n\t\t\t\t\t<div class=\"banner-left\">\r\n\t\t\t\t\t\t<nav class=\"banner-breadcrumb\"><span><span><a href=\"https:\/\/cosmo5.luke.1000headsdev.com\/de-de\/\">Home<\/a><\/span><\/span><\/nav>\t\t\t\t\t\t\t\t\t\t\t\t\t<h1 id=\"page-title\" class=\"banner-headline\">\r\n\t\t\t\t\t\t\t\tNutzungsbedingungen\t\t\t\t\t\t\t<\/h1>\r\n\t\t\t\t\t\t\t\t\t\t\t\t\t\t\t\t\t<\/div>\r\n\r\n\t\t\t\t\t\t\t\t\t<\/div>\r\n\t\t\t<\/div>\r\n\r\n\t\t\t<div class=\"hero-observer-sentinel\" aria-hidden=\"true\"><\/div>\r\n\t\t<\/div>\r\n\t<\/div>\r\n<\/section>\n\n\n<h2 class=\"wp-block-heading\">Zusammenfassung<\/h2>\n\n\n<div class=\"wp-block-paragraph\">\n<p>Zuletzt aktualisiert: 15 April 2025<\/p>\n<\/div>\n\n\n<h2 class=\"wp-block-heading\">1. Akzeptanz der Bedingungen<\/h2>\n\n\n<div class=\"wp-block-paragraph\">\n<p>Indem Sie auf diese Website zugreifen und sie nutzen, erkl\u00e4ren Sie sich mit diesen Nutzungsbedingungen und unserer Datenschutzrichtlinie einverstanden. Wenn Sie damit nicht einverstanden sind, nutzen Sie diese Website bitte nicht. <\/p>\n<\/div>\n\n\n<h2 class=\"wp-block-heading\">2. \u00c4nderungen der Bedingungen<\/h2>\n\n\n<div class=\"wp-block-paragraph\">\n<p>Cosmo5 beh\u00e4lt sich das Recht vor, diese Bedingungen jederzeit und ohne vorherige Ank\u00fcndigung zu aktualisieren oder zu \u00e4ndern. Ihre fortgesetzte Nutzung der Website nach einer \u00c4nderung gilt als Zustimmung zu diesen \u00c4nderungen. <\/p>\n<\/div>\n\n\n<h2 class=\"wp-block-heading\">3. Verwendung von Inhalt<\/h2>\n\n\n<div class=\"wp-block-paragraph\">\n<p>Alle auf dieser Website bereitgestellten Inhalte dienen nur zu allgemeinen Informationszwecken. Sie d\u00fcrfen den Inhalt ohne schriftliche Genehmigung von Cosmo5 nicht kopieren, verbreiten oder kommerziell verwerten. <\/p>\n<\/div>\n\n\n<h2 class=\"wp-block-heading\">4. Benutzerverhalten<\/h2>\n\n\n<div class=\"wp-block-paragraph\">\n<p>Sie verpflichten sich, die Website nicht in einer Weise zu nutzen, die Cosmo5, anderen Nutzern oder der Allgemeinheit Schaden zuf\u00fcgt oder sie st\u00f6rt. Zu den ungesetzlichen oder verbotenen Nutzungen geh\u00f6ren unter anderem die \u00dcbertragung von sch\u00e4dlichem Code, Spam oder Inhalten, die geistige Eigentumsrechte verletzen. <\/p>\n<\/div>\n\n\n<h2 class=\"wp-block-heading\">5. Links von Drittanbietern<\/h2>\n\n\n<div class=\"wp-block-paragraph\">\n<p>Diese Website kann Links zu Websites Dritter enthalten, um Ihnen den Zugang zu erleichtern. Cosmo5 ist nicht f\u00fcr den Inhalt oder die Verf\u00fcgbarkeit dieser externen Websites verantwortlich und unterst\u00fctzt diese nicht. <\/p>\n<\/div>\n\n\n<h2 class=\"wp-block-heading\">6. Geistiges Eigentum<\/h2>\n\n\n<div class=\"wp-block-paragraph\">\n<p>Alle Marken, Logos und Inhalte auf dieser Website sind Eigentum von Cosmo5 oder seinen Lizenzgebern. Sie d\u00fcrfen keine Inhalte ohne ausdr\u00fcckliche schriftliche Genehmigung verwenden, vervielf\u00e4ltigen oder verbreiten. <\/p>\n<\/div>\n\n\n<h2 class=\"wp-block-heading\">7. Einschr\u00e4nkung der Haftung<\/h2>\n\n\n<div class=\"wp-block-paragraph\">\n<p>Soweit gesetzlich zul\u00e4ssig, haftet Cosmo5 nicht f\u00fcr direkte, indirekte, zuf\u00e4llige oder Folgesch\u00e4den, die sich aus der Nutzung oder der Unm\u00f6glichkeit der Nutzung der Website ergeben.<\/p>\n<\/div>\n\n\n<h2 class=\"wp-block-heading\">8. Ausschluss von Garantien<\/h2>\n\n\n<div class=\"wp-block-paragraph\">\n<p>Diese Website wird \u201ewie besehen\u201c und \u201ewie verf\u00fcgbar\u201c ohne Garantien jeglicher Art bereitgestellt. Cosmo5 garantiert nicht, dass die Website ununterbrochen, sicher oder fehlerfrei ist. <\/p>\n<\/div>\n\n\n<h2 class=\"wp-block-heading\">9. Geltendes Recht<\/h2>\n\n\n<div class=\"wp-block-paragraph\">\n<p>Diese Nutzungsbedingungen unterliegen den Gesetzen von New South Wales, Australien. Alle Streitigkeiten werden vor den Gerichten in New South Wales entschieden. <\/p>\n<\/div>\n\n\n<h2 class=\"wp-block-heading\">10. Kontaktinformationen<\/h2>\n\n\n<div class=\"wp-block-paragraph\">\n<p>Wenn Sie Fragen zu diesen Nutzungsbedingungen haben, wenden Sie sich bitte an uns.<\/p>\n<\/div>\n\n\n<h3 class=\"wp-block-heading\">Website-Herausgeber<\/h3>\n\n\n<div class=\"wp-block-paragraph\">\n<p>Diese Website wird ver\u00f6ffentlicht von:<br><strong>LABYRINTH BIDCO<\/strong><br>Franz\u00f6sisches Unternehmen mit einem Kapital von 121.557.723 Euro<br>19 rue Martel, 75010 Paris, France<br>Eingetragen im franz\u00f6sischen Unternehmensregister (Registre national des entreprises) unter der Nummer 900 657 354<\/p>\n<\/div>\n\n\n<h3 class=\"wp-block-heading\">Publikationsleiter<\/h3>\n\n\n<div class=\"wp-block-paragraph\">\n<p>Der Herausgeber ist <strong>St\u00e9phane Levy,<\/strong> Pr\u00e4sident von LABYRINTH BIDCO.<\/p>\n<\/div>\n\n\n<h3 class=\"wp-block-heading\">Website-Hosting-Anbieter<\/h3>\n\n\n<div class=\"wp-block-paragraph\">\n<p>Diese Website wird gehostet von:<br>1000heads Pty Ltd<br>Suite 3.02, Level 3 414 Kent Street Sydney, NSW 2000 Australia<br>+61 2 9251 0491<\/p>\n<\/div>\n\n\n<h3 class=\"wp-block-heading\">Datenhosting-Anbieter<br><\/h3>\n\n\n<div class=\"wp-block-paragraph\">\n<p>Die auf dieser Website verarbeiteten Daten werden von folgendem Unternehmen gehostet:<br>1000heads Pty Ltd<br>Suite 3.02, Level 3, 414 Kent Street, Sydney, NSW 2000, Australien<br>+61 2 9251 0491<\/p>\n<\/div>\n\n<div class=\"wp-block-paragraph\">\n<p><\/p>\n<\/div>","protected":false},"excerpt":{"rendered":"<p>Zusammenfassung Zuletzt aktualisiert: 15 April 2025 1. Akzeptanz der Bedingungen Indem Sie auf diese Website zugreifen und sie nutzen, erkl\u00e4ren Sie sich mit diesen Nutzungsbedingungen und unserer Datenschutzrichtlinie einverstanden. Wenn Sie damit nicht einverstanden sind, nutzen Sie diese Website bitte nicht. 2. \u00c4nderungen der Bedingungen Cosmo5 beh\u00e4lt sich das Recht vor, diese Bedingungen jederzeit und [&hellip;]<\/p>\n","protected":false},"author":32,"featured_media":0,"parent":0,"menu_order":0,"comment_status":"closed","ping_status":"closed","template":"page-simple.php","meta":{"_acf_changed":false,"footnotes":""},"class_list":["post-9838","page","type-page","status-publish","hentry"],"acf":[],"yoast_head":"<!-- This site is optimized with the Yoast SEO plugin v26.5 - https:\/\/yoast.com\/wordpress\/plugins\/seo\/ -->\n<title>Nutzungsbedingungen | Cosmo5<\/title>\n<meta name=\"description\" content=\"Lesen Sie die Nutzungsbedingungen von Cosmo5, einschlie\u00dflich der Bedingungen f\u00fcr den Zugriff auf und die Nutzung unserer Website, Inhalte und digitalen Dienste.\" \/>\n<meta name=\"robots\" content=\"noindex, follow, max-snippet:-1, max-image-preview:large, max-video-preview:-1\" \/>\n<meta property=\"og:locale\" content=\"de_DE\" \/>\n<meta property=\"og:type\" content=\"article\" \/>\n<meta property=\"og:title\" content=\"Nutzungsbedingungen | Cosmo5\" \/>\n<meta property=\"og:description\" content=\"Lesen Sie die Nutzungsbedingungen von Cosmo5, einschlie\u00dflich der Bedingungen f\u00fcr den Zugriff auf und die Nutzung unserer Website, Inhalte und digitalen Dienste.\" \/>\n<meta property=\"og:url\" content=\"https:\/\/cosmo5.luke.1000headsdev.com\/de-de\/nutzungsbedingungen\/\" \/>\n<meta property=\"og:site_name\" content=\"Cosmo5\" \/>\n<meta property=\"article:modified_time\" content=\"2026-01-12T19:25:44+00:00\" \/>\n<meta name=\"twitter:card\" content=\"summary_large_image\" \/>\n<meta name=\"twitter:label1\" content=\"Gesch\u00e4tzte Lesezeit\" \/>\n\t<meta name=\"twitter:data1\" content=\"2\u00a0Minuten\" \/>\n<script type=\"application\/ld+json\" class=\"yoast-schema-graph\">{\"@context\":\"https:\/\/schema.org\",\"@graph\":[{\"@type\":\"WebPage\",\"@id\":\"https:\/\/cosmo5.luke.1000headsdev.com\/de-de\/nutzungsbedingungen\/\",\"url\":\"https:\/\/cosmo5.luke.1000headsdev.com\/de-de\/nutzungsbedingungen\/\",\"name\":\"Nutzungsbedingungen | Cosmo5\",\"isPartOf\":{\"@id\":\"https:\/\/cosmo5.luke.1000headsdev.com\/de-de\/#website\"},\"datePublished\":\"2025-12-05T17:10:56+00:00\",\"dateModified\":\"2026-01-12T19:25:44+00:00\",\"description\":\"Lesen Sie die Nutzungsbedingungen von Cosmo5, einschlie\u00dflich der Bedingungen f\u00fcr den Zugriff auf und die Nutzung unserer Website, Inhalte und digitalen Dienste.\",\"breadcrumb\":{\"@id\":\"https:\/\/cosmo5.luke.1000headsdev.com\/de-de\/nutzungsbedingungen\/#breadcrumb\"},\"inLanguage\":\"de\",\"potentialAction\":[{\"@type\":\"ReadAction\",\"target\":[\"https:\/\/cosmo5.luke.1000headsdev.com\/de-de\/nutzungsbedingungen\/\"]}]},{\"@type\":\"BreadcrumbList\",\"@id\":\"https:\/\/cosmo5.luke.1000headsdev.com\/de-de\/nutzungsbedingungen\/#breadcrumb\",\"itemListElement\":[{\"@type\":\"ListItem\",\"position\":1,\"name\":\"Home\",\"item\":\"https:\/\/cosmo5.luke.1000headsdev.com\/de-de\/\"},{\"@type\":\"ListItem\",\"position\":2,\"name\":\"Nutzungsbedingungen\"}]},{\"@type\":\"WebSite\",\"@id\":\"https:\/\/cosmo5.luke.1000headsdev.com\/de-de\/#website\",\"url\":\"https:\/\/cosmo5.luke.1000headsdev.com\/de-de\/\",\"name\":\"Cosmo5\",\"description\":\"\",\"publisher\":{\"@id\":\"https:\/\/cosmo5.luke.1000headsdev.com\/de-de\/#organization\"},\"potentialAction\":[{\"@type\":\"SearchAction\",\"target\":{\"@type\":\"EntryPoint\",\"urlTemplate\":\"https:\/\/cosmo5.luke.1000headsdev.com\/de-de\/?s={search_term_string}\"},\"query-input\":{\"@type\":\"PropertyValueSpecification\",\"valueRequired\":true,\"valueName\":\"search_term_string\"}}],\"inLanguage\":\"de\"},{\"@type\":\"Organization\",\"@id\":\"https:\/\/cosmo5.luke.1000headsdev.com\/de-de\/#organization\",\"name\":\"Cosmo5\",\"url\":\"https:\/\/cosmo5.luke.1000headsdev.com\/de-de\/\",\"logo\":{\"@type\":\"ImageObject\",\"inLanguage\":\"de\",\"@id\":\"https:\/\/cosmo5.luke.1000headsdev.com\/de-de\/#\/schema\/logo\/image\/\",\"url\":\"https:\/\/cosmo5.luke.1000headsdev.com\/wp-content\/uploads\/2025\/12\/c5_logo.svg\",\"contentUrl\":\"https:\/\/cosmo5.luke.1000headsdev.com\/wp-content\/uploads\/2025\/12\/c5_logo.svg\",\"caption\":\"Cosmo5\"},\"image\":{\"@id\":\"https:\/\/cosmo5.luke.1000headsdev.com\/de-de\/#\/schema\/logo\/image\/\"}}]}<\/script>\n<!-- \/ Yoast SEO plugin. -->","yoast_head_json":{"title":"Nutzungsbedingungen | Cosmo5","description":"Lesen Sie die Nutzungsbedingungen von Cosmo5, einschlie\u00dflich der Bedingungen f\u00fcr den Zugriff auf und die Nutzung unserer Website, Inhalte und digitalen Dienste.","robots":{"index":"noindex","follow":"follow","max-snippet":"max-snippet:-1","max-image-preview":"max-image-preview:large","max-video-preview":"max-video-preview:-1"},"og_locale":"de_DE","og_type":"article","og_title":"Nutzungsbedingungen | Cosmo5","og_description":"Lesen Sie die Nutzungsbedingungen von Cosmo5, einschlie\u00dflich der Bedingungen f\u00fcr den Zugriff auf und die Nutzung unserer Website, Inhalte und digitalen Dienste.","og_url":"https:\/\/cosmo5.luke.1000headsdev.com\/de-de\/nutzungsbedingungen\/","og_site_name":"Cosmo5","article_modified_time":"2026-01-12T19:25:44+00:00","twitter_card":"summary_large_image","twitter_misc":{"Gesch\u00e4tzte Lesezeit":"2\u00a0Minuten"},"schema":{"@context":"https:\/\/schema.org","@graph":[{"@type":"WebPage","@id":"https:\/\/cosmo5.luke.1000headsdev.com\/de-de\/nutzungsbedingungen\/","url":"https:\/\/cosmo5.luke.1000headsdev.com\/de-de\/nutzungsbedingungen\/","name":"Nutzungsbedingungen | Cosmo5","isPartOf":{"@id":"https:\/\/cosmo5.luke.1000headsdev.com\/de-de\/#website"},"datePublished":"2025-12-05T17:10:56+00:00","dateModified":"2026-01-12T19:25:44+00:00","description":"Lesen Sie die Nutzungsbedingungen von Cosmo5, einschlie\u00dflich der Bedingungen f\u00fcr den Zugriff auf und die Nutzung unserer Website, Inhalte und digitalen Dienste.","breadcrumb":{"@id":"https:\/\/cosmo5.luke.1000headsdev.com\/de-de\/nutzungsbedingungen\/#breadcrumb"},"inLanguage":"de","potentialAction":[{"@type":"ReadAction","target":["https:\/\/cosmo5.luke.1000headsdev.com\/de-de\/nutzungsbedingungen\/"]}]},{"@type":"BreadcrumbList","@id":"https:\/\/cosmo5.luke.1000headsdev.com\/de-de\/nutzungsbedingungen\/#breadcrumb","itemListElement":[{"@type":"ListItem","position":1,"name":"Home","item":"https:\/\/cosmo5.luke.1000headsdev.com\/de-de\/"},{"@type":"ListItem","position":2,"name":"Nutzungsbedingungen"}]},{"@type":"WebSite","@id":"https:\/\/cosmo5.luke.1000headsdev.com\/de-de\/#website","url":"https:\/\/cosmo5.luke.1000headsdev.com\/de-de\/","name":"Cosmo5","description":"","publisher":{"@id":"https:\/\/cosmo5.luke.1000headsdev.com\/de-de\/#organization"},"potentialAction":[{"@type":"SearchAction","target":{"@type":"EntryPoint","urlTemplate":"https:\/\/cosmo5.luke.1000headsdev.com\/de-de\/?s={search_term_string}"},"query-input":{"@type":"PropertyValueSpecification","valueRequired":true,"valueName":"search_term_string"}}],"inLanguage":"de"},{"@type":"Organization","@id":"https:\/\/cosmo5.luke.1000headsdev.com\/de-de\/#organization","name":"Cosmo5","url":"https:\/\/cosmo5.luke.1000headsdev.com\/de-de\/","logo":{"@type":"ImageObject","inLanguage":"de","@id":"https:\/\/cosmo5.luke.1000headsdev.com\/de-de\/#\/schema\/logo\/image\/","url":"https:\/\/cosmo5.luke.1000headsdev.com\/wp-content\/uploads\/2025\/12\/c5_logo.svg","contentUrl":"https:\/\/cosmo5.luke.1000headsdev.com\/wp-content\/uploads\/2025\/12\/c5_logo.svg","caption":"Cosmo5"},"image":{"@id":"https:\/\/cosmo5.luke.1000headsdev.com\/de-de\/#\/schema\/logo\/image\/"}}]}},"_links":{"self":[{"href":"https:\/\/cosmo5.luke.1000headsdev.com\/de-de\/wp-json\/wp\/v2\/pages\/9838","targetHints":{"allow":["GET"]}}],"collection":[{"href":"https:\/\/cosmo5.luke.1000headsdev.com\/de-de\/wp-json\/wp\/v2\/pages"}],"about":[{"href":"https:\/\/cosmo5.luke.1000headsdev.com\/de-de\/wp-json\/wp\/v2\/types\/page"}],"author":[{"embeddable":true,"href":"https:\/\/cosmo5.luke.1000headsdev.com\/de-de\/wp-json\/wp\/v2\/users\/32"}],"replies":[{"embeddable":true,"href":"https:\/\/cosmo5.luke.1000headsdev.com\/de-de\/wp-json\/wp\/v2\/comments?post=9838"}],"version-history":[{"count":14,"href":"https:\/\/cosmo5.luke.1000headsdev.com\/de-de\/wp-json\/wp\/v2\/pages\/9838\/revisions"}],"predecessor-version":[{"id":21237,"href":"https:\/\/cosmo5.luke.1000headsdev.com\/de-de\/wp-json\/wp\/v2\/pages\/9838\/revisions\/21237"}],"wp:attachment":[{"href":"https:\/\/cosmo5.luke.1000headsdev.com\/de-de\/wp-json\/wp\/v2\/media?parent=9838"}],"curies":[{"name":"wp","href":"https:\/\/api.w.org\/{rel}","templated":true}]}}