{"id":19705,"date":"2025-12-05T12:18:03","date_gmt":"2025-12-05T12:18:03","guid":{"rendered":"https:\/\/c5-staging.1000headsdev.com\/partners\/"},"modified":"2026-01-12T11:57:25","modified_gmt":"2026-01-12T11:57:25","slug":"partners","status":"publish","type":"page","link":"https:\/\/cosmo5.luke.1000headsdev.com\/es-co\/partners\/","title":{"rendered":"Partners"},"content":{"rendered":"\r\n<section  class=\"page-hero-banner hero-banner-mode hero-with-toc\">\r\n\t<div class=\"container-fluid\">\r\n\t\t<div class=\"blob five\"><\/div>\r\n\t\t<div class=\"hero-banner-container no-gradient\">\r\n\t\t\t<div class=\"hero-banner-content\">\r\n\t\t\t\t<div class=\"banner-main-content\">\r\n\t\t\t\t\t<div class=\"banner-left\">\r\n\t\t\t\t\t\t<nav class=\"banner-breadcrumb\"><span><span><a href=\"https:\/\/cosmo5.luke.1000headsdev.com\/es-co\/\">Home<\/a><\/span><\/span><\/nav>\t\t\t\t\t\t\t\t\t\t\t\t\t<h1 id=\"page-title\" class=\"banner-headline\">\r\n\t\t\t\t\t\t\t\tPartners\t\t\t\t\t\t\t<\/h1>\r\n\t\t\t\t\t\t\t\t\t\t\t\t\t\t\t\t\t\t\t<div class=\"banner-description\">\r\n\t\t\t\t\t\t\t\t<p>En Cosmo5, colaboramos con plataformas l\u00edderes del sector como Google, Meta y TikTok para ofrecer un valor excepcional. Con m\u00e1s de 200 colaboraciones y m\u00e1s de 20 a\u00f1os en el mercado, seleccionamos las mejores herramientas para nuestros clientes. Nuestras certificaciones avanzadas nos brindan insights tempranos, permiti\u00e9ndonos combinar experiencia en transformaci\u00f3n digital con herramientas innovadoras para un crecimiento sostenible y resultados sobresalientes.  <\/p>\r\n\t\t\t\t\t\t\t<\/div>\r\n\t\t\t\t\t\t\t\t\t\t\t<\/div>\r\n\r\n\t\t\t\t\t\r\n\t\t\t\t\t\t<div class=\"banner-right\">\r\n\t\t\t\t\t\t\t<nav class=\"banner-toc has-scroll-content\"\r\n\t\t\t\t\t\t\t     aria-label=\"Contents\" data-sticky-enabled=\"true\">\r\n\t\t\t\t\t\t\t\t<div class=\"toc-title\">Contents<\/div>\r\n\t\t\t\t\t\t\t\t<ul class=\"toc-list\" role=\"menu\"><\/ul>\r\n\t\t\t\t\t\t\t\t<div class=\"toc-scroll-indicator visible pointing-down\" aria-hidden=\"true\">\r\n\t\t\t\t\t\t\t\t\t<i class=\"fa fa-arrow-down\" aria-hidden=\"true\"><\/i>\r\n\t\t\t\t\t\t\t\t<\/div>\r\n\t\t\t\t\t\t\t<\/nav>\r\n\t\t\t\t\t\t<\/div>\r\n\t\t\t\t\t\t\t\t\t<\/div>\r\n\t\t\t<\/div>\r\n\r\n\t\t\t<div class=\"hero-observer-sentinel\" aria-hidden=\"true\"><\/div>\r\n\t\t<\/div>\r\n\t<\/div>\r\n<\/section>\n\n\r\n<section  class=\"article-grid no-filter\">\r\n\r\n\t\r\n\t<div class=\"container-fluid\">\r\n\t\t\r\n<div class=\"post-grid\">\r\n\r\n\t<div class=\"grid-container\" id=\"partner-grid-container\">\r\n\t\t\t<\/div>\r\n\r\n<\/div>\r\n\t<\/div>\r\n\r\n<\/section>\r\n\n\n\n\n\r\n<section  class=\"post-carousel module--post-carousel-news\">\r\n    <div class=\"container-fluid\">\r\n        <div class='post-carousel__wrapper'>\r\n                            <h2 class=\"post-carousel__title container-fluid\">\r\n                    <strong>Explora<\/strong> m\u00e1s art\u00edculos                <\/h2>\r\n            \r\n\t\t<div class=\"post-carousel__main\">\r\n\t\t\t<div class=\"post-carousel__viewport\">\r\n\t\t\t\t<div class=\"post-carousel__bg\" aria-hidden=\"true\"><\/div>\r\n\t\t\t\t<div class=\"post-carousel__slider js-post-carousel__slider swiper\" role=\"region\">\r\n\t\t\t\t\t<div class=\"swiper-wrapper\">\r\n\t\t\t\t\t\t\t\t\t\t\t<\/div>\r\n\t\t\t\t<\/div>\r\n\r\n                    \r\n                    <div class=\"post-carousel__navigation logo-carousel__navigation\" role=\"group\"\r\n                         aria-label=\"Carousel Navigation\">\r\n                        <div\r\n                                class=\"swiper-button-prev post-carousel__nav-btn post-carousel__nav-btn-prev js-post-carousel__nav-btn-prev cosmo-nav-btn cosmo-nav-btn-prev\"\r\n                                aria-label=\"Previous slide\"><span\r\n                                    class='dashicons dashicons-arrow-left-alt'><\/span><\/div>\r\n\r\n                        <div\r\n                                class=\"swiper-pagination post-carousel__pagination js-post-carousel__pagination cosmo-pagination\"\r\n                                role=\"tablist\"><\/div>\r\n\r\n                        <div\r\n                                class=\"swiper-button-next post-carousel__nav-btn post-carousel__nav-btn-next js-post-carousel__nav-btn-next cosmo-nav-btn cosmo-nav-btn-next\"\r\n                                aria-label=\"Next slide\"><span\r\n                                    class='dashicons dashicons-arrow-right-alt'><\/span><\/div>\r\n                    <\/div>\r\n                <\/div>\r\n\r\n            <\/div>\r\n\r\n        <\/div>\r\n    <\/div>\r\n<\/section>\r\n","protected":false},"excerpt":{"rendered":"","protected":false},"author":32,"featured_media":0,"parent":0,"menu_order":0,"comment_status":"closed","ping_status":"closed","template":"","meta":{"_acf_changed":false,"footnotes":""},"class_list":["post-19705","page","type-page","status-publish","hentry"],"acf":[],"yoast_head":"<!-- This site is optimized with the Yoast SEO plugin v26.5 - https:\/\/yoast.com\/wordpress\/plugins\/seo\/ -->\n<title>Nuestras alianzas estrat\u00e9gicas globales | Cosmo5<\/title>\n<meta name=\"description\" content=\"Descubre los partners estrat\u00e9gicos de Cosmo5 en media, data, tecnolog\u00eda y commerce que refuerzan nuestras capacidades globales en los cinco campos clave del marketing.\" \/>\n<meta name=\"robots\" content=\"noindex, follow, max-snippet:-1, max-image-preview:large, max-video-preview:-1\" \/>\n<meta property=\"og:locale\" content=\"es_ES\" \/>\n<meta property=\"og:type\" content=\"article\" \/>\n<meta property=\"og:title\" content=\"Nuestras alianzas estrat\u00e9gicas globales | Cosmo5\" \/>\n<meta property=\"og:description\" content=\"Descubre los partners estrat\u00e9gicos de Cosmo5 en media, data, tecnolog\u00eda y commerce que refuerzan nuestras capacidades globales en los cinco campos clave del marketing.\" \/>\n<meta property=\"og:url\" content=\"https:\/\/cosmo5.luke.1000headsdev.com\/es-co\/partners\/\" \/>\n<meta property=\"og:site_name\" content=\"Cosmo5\" \/>\n<meta property=\"article:modified_time\" content=\"2026-01-12T11:57:25+00:00\" \/>\n<meta name=\"twitter:card\" content=\"summary_large_image\" \/>\n<script type=\"application\/ld+json\" class=\"yoast-schema-graph\">{\"@context\":\"https:\/\/schema.org\",\"@graph\":[{\"@type\":\"WebPage\",\"@id\":\"https:\/\/cosmo5.luke.1000headsdev.com\/es-co\/partners\/\",\"url\":\"https:\/\/cosmo5.luke.1000headsdev.com\/es-co\/partners\/\",\"name\":\"Nuestras alianzas estrat\u00e9gicas globales | Cosmo5\",\"isPartOf\":{\"@id\":\"https:\/\/cosmo5.luke.1000headsdev.com\/es-co\/#website\"},\"datePublished\":\"2025-12-05T12:18:03+00:00\",\"dateModified\":\"2026-01-12T11:57:25+00:00\",\"description\":\"Descubre los partners estrat\u00e9gicos de Cosmo5 en media, data, tecnolog\u00eda y commerce que refuerzan nuestras capacidades globales en los cinco campos clave del marketing.\",\"breadcrumb\":{\"@id\":\"https:\/\/cosmo5.luke.1000headsdev.com\/es-co\/partners\/#breadcrumb\"},\"inLanguage\":\"es-CO\",\"potentialAction\":[{\"@type\":\"ReadAction\",\"target\":[\"https:\/\/cosmo5.luke.1000headsdev.com\/es-co\/partners\/\"]}]},{\"@type\":\"BreadcrumbList\",\"@id\":\"https:\/\/cosmo5.luke.1000headsdev.com\/es-co\/partners\/#breadcrumb\",\"itemListElement\":[{\"@type\":\"ListItem\",\"position\":1,\"name\":\"Home\",\"item\":\"https:\/\/cosmo5.luke.1000headsdev.com\/es-co\/\"},{\"@type\":\"ListItem\",\"position\":2,\"name\":\"Partners\"}]},{\"@type\":\"WebSite\",\"@id\":\"https:\/\/cosmo5.luke.1000headsdev.com\/es-co\/#website\",\"url\":\"https:\/\/cosmo5.luke.1000headsdev.com\/es-co\/\",\"name\":\"Cosmo5\",\"description\":\"\",\"publisher\":{\"@id\":\"https:\/\/cosmo5.luke.1000headsdev.com\/es-co\/#organization\"},\"potentialAction\":[{\"@type\":\"SearchAction\",\"target\":{\"@type\":\"EntryPoint\",\"urlTemplate\":\"https:\/\/cosmo5.luke.1000headsdev.com\/es-co\/?s={search_term_string}\"},\"query-input\":{\"@type\":\"PropertyValueSpecification\",\"valueRequired\":true,\"valueName\":\"search_term_string\"}}],\"inLanguage\":\"es-CO\"},{\"@type\":\"Organization\",\"@id\":\"https:\/\/cosmo5.luke.1000headsdev.com\/es-co\/#organization\",\"name\":\"Cosmo5\",\"url\":\"https:\/\/cosmo5.luke.1000headsdev.com\/es-co\/\",\"logo\":{\"@type\":\"ImageObject\",\"inLanguage\":\"es-CO\",\"@id\":\"https:\/\/cosmo5.luke.1000headsdev.com\/es-co\/#\/schema\/logo\/image\/\",\"url\":\"https:\/\/cosmo5.luke.1000headsdev.com\/wp-content\/uploads\/2025\/12\/c5_logo.svg\",\"contentUrl\":\"https:\/\/cosmo5.luke.1000headsdev.com\/wp-content\/uploads\/2025\/12\/c5_logo.svg\",\"caption\":\"Cosmo5\"},\"image\":{\"@id\":\"https:\/\/cosmo5.luke.1000headsdev.com\/es-co\/#\/schema\/logo\/image\/\"}}]}<\/script>\n<!-- \/ Yoast SEO plugin. -->","yoast_head_json":{"title":"Nuestras alianzas estrat\u00e9gicas globales | Cosmo5","description":"Descubre los partners estrat\u00e9gicos de Cosmo5 en media, data, tecnolog\u00eda y commerce que refuerzan nuestras capacidades globales en los cinco campos clave del marketing.","robots":{"index":"noindex","follow":"follow","max-snippet":"max-snippet:-1","max-image-preview":"max-image-preview:large","max-video-preview":"max-video-preview:-1"},"og_locale":"es_ES","og_type":"article","og_title":"Nuestras alianzas estrat\u00e9gicas globales | Cosmo5","og_description":"Descubre los partners estrat\u00e9gicos de Cosmo5 en media, data, tecnolog\u00eda y commerce que refuerzan nuestras capacidades globales en los cinco campos clave del marketing.","og_url":"https:\/\/cosmo5.luke.1000headsdev.com\/es-co\/partners\/","og_site_name":"Cosmo5","article_modified_time":"2026-01-12T11:57:25+00:00","twitter_card":"summary_large_image","schema":{"@context":"https:\/\/schema.org","@graph":[{"@type":"WebPage","@id":"https:\/\/cosmo5.luke.1000headsdev.com\/es-co\/partners\/","url":"https:\/\/cosmo5.luke.1000headsdev.com\/es-co\/partners\/","name":"Nuestras alianzas estrat\u00e9gicas globales | Cosmo5","isPartOf":{"@id":"https:\/\/cosmo5.luke.1000headsdev.com\/es-co\/#website"},"datePublished":"2025-12-05T12:18:03+00:00","dateModified":"2026-01-12T11:57:25+00:00","description":"Descubre los partners estrat\u00e9gicos de Cosmo5 en media, data, tecnolog\u00eda y commerce que refuerzan nuestras capacidades globales en los cinco campos clave del marketing.","breadcrumb":{"@id":"https:\/\/cosmo5.luke.1000headsdev.com\/es-co\/partners\/#breadcrumb"},"inLanguage":"es-CO","potentialAction":[{"@type":"ReadAction","target":["https:\/\/cosmo5.luke.1000headsdev.com\/es-co\/partners\/"]}]},{"@type":"BreadcrumbList","@id":"https:\/\/cosmo5.luke.1000headsdev.com\/es-co\/partners\/#breadcrumb","itemListElement":[{"@type":"ListItem","position":1,"name":"Home","item":"https:\/\/cosmo5.luke.1000headsdev.com\/es-co\/"},{"@type":"ListItem","position":2,"name":"Partners"}]},{"@type":"WebSite","@id":"https:\/\/cosmo5.luke.1000headsdev.com\/es-co\/#website","url":"https:\/\/cosmo5.luke.1000headsdev.com\/es-co\/","name":"Cosmo5","description":"","publisher":{"@id":"https:\/\/cosmo5.luke.1000headsdev.com\/es-co\/#organization"},"potentialAction":[{"@type":"SearchAction","target":{"@type":"EntryPoint","urlTemplate":"https:\/\/cosmo5.luke.1000headsdev.com\/es-co\/?s={search_term_string}"},"query-input":{"@type":"PropertyValueSpecification","valueRequired":true,"valueName":"search_term_string"}}],"inLanguage":"es-CO"},{"@type":"Organization","@id":"https:\/\/cosmo5.luke.1000headsdev.com\/es-co\/#organization","name":"Cosmo5","url":"https:\/\/cosmo5.luke.1000headsdev.com\/es-co\/","logo":{"@type":"ImageObject","inLanguage":"es-CO","@id":"https:\/\/cosmo5.luke.1000headsdev.com\/es-co\/#\/schema\/logo\/image\/","url":"https:\/\/cosmo5.luke.1000headsdev.com\/wp-content\/uploads\/2025\/12\/c5_logo.svg","contentUrl":"https:\/\/cosmo5.luke.1000headsdev.com\/wp-content\/uploads\/2025\/12\/c5_logo.svg","caption":"Cosmo5"},"image":{"@id":"https:\/\/cosmo5.luke.1000headsdev.com\/es-co\/#\/schema\/logo\/image\/"}}]}},"_links":{"self":[{"href":"https:\/\/cosmo5.luke.1000headsdev.com\/es-co\/wp-json\/wp\/v2\/pages\/19705","targetHints":{"allow":["GET"]}}],"collection":[{"href":"https:\/\/cosmo5.luke.1000headsdev.com\/es-co\/wp-json\/wp\/v2\/pages"}],"about":[{"href":"https:\/\/cosmo5.luke.1000headsdev.com\/es-co\/wp-json\/wp\/v2\/types\/page"}],"author":[{"embeddable":true,"href":"https:\/\/cosmo5.luke.1000headsdev.com\/es-co\/wp-json\/wp\/v2\/users\/32"}],"replies":[{"embeddable":true,"href":"https:\/\/cosmo5.luke.1000headsdev.com\/es-co\/wp-json\/wp\/v2\/comments?post=19705"}],"version-history":[{"count":2,"href":"https:\/\/cosmo5.luke.1000headsdev.com\/es-co\/wp-json\/wp\/v2\/pages\/19705\/revisions"}],"predecessor-version":[{"id":20811,"href":"https:\/\/cosmo5.luke.1000headsdev.com\/es-co\/wp-json\/wp\/v2\/pages\/19705\/revisions\/20811"}],"wp:attachment":[{"href":"https:\/\/cosmo5.luke.1000headsdev.com\/es-co\/wp-json\/wp\/v2\/media?parent=19705"}],"curies":[{"name":"wp","href":"https:\/\/api.w.org\/{rel}","templated":true}]}}