{"id":9868,"date":"2025-12-05T17:17:27","date_gmt":"2025-12-05T17:17:27","guid":{"rendered":"https:\/\/c5-staging.1000headsdev.com\/politica-de-cookies\/"},"modified":"2026-01-10T13:30:46","modified_gmt":"2026-01-10T13:30:46","slug":"politica-de-cookies","status":"publish","type":"page","link":"https:\/\/cosmo5.luke.1000headsdev.com\/es-es\/politica-de-cookies\/","title":{"rendered":"Pol\u00edtica de cookies"},"content":{"rendered":"\r\n<section  class=\"page-hero-banner hero-banner-mode no-bg\">\r\n\t<div class=\"container-fluid\">\r\n\t\t<div class=\"blob five\"><\/div>\r\n\t\t<div class=\"hero-banner-container no-gradient\">\r\n\t\t\t<div class=\"hero-banner-content\">\r\n\t\t\t\t<div class=\"banner-main-content\">\r\n\t\t\t\t\t<div class=\"banner-left\">\r\n\t\t\t\t\t\t<nav class=\"banner-breadcrumb\"><span><span><a href=\"https:\/\/cosmo5.luke.1000headsdev.com\/es-es\/\">Home<\/a><\/span><\/span><\/nav>\t\t\t\t\t\t\t\t\t\t\t\t\t<h1 id=\"page-title\" class=\"banner-headline\">\r\n\t\t\t\t\t\t\t\tPol\u00edtica de cookies\t\t\t\t\t\t\t<\/h1>\r\n\t\t\t\t\t\t\t\t\t\t\t\t\t\t\t\t\t<\/div>\r\n\r\n\t\t\t\t\t\t\t\t\t<\/div>\r\n\t\t\t<\/div>\r\n\r\n\t\t\t<div class=\"hero-observer-sentinel\" aria-hidden=\"true\"><\/div>\r\n\t\t<\/div>\r\n\t<\/div>\r\n<\/section><div class=\"wp-block-paragraph\">\n<p>\u00daltima actualizaci\u00f3n: 15 de abril de 2025<\/p>\n<\/div>\n<h2 class=\"wp-block-heading\">1. \u00bfQu\u00e9 son las cookies?<\/h2>\n<div class=\"wp-block-paragraph\">\n<p>Las cookies son peque\u00f1os archivos de texto que los sitios web colocan en tu dispositivo. Permiten que los sitios web funcionen correctamente, mejoren la experiencia del usuario y proporcionen datos de uso para su an\u00e1lisis. <\/p>\n<\/div>\n<hr class=\"wp-block-separator has-alpha-channel-opacity\"\/>\n\n<h2 class=\"wp-block-heading\">2. C\u00f3mo utilizamos las cookies<\/h2>\n<div class=\"wp-block-paragraph\">\n<p>Cosmo5 utiliza cookies para:<\/p>\n<\/div>\n<ul class=\"wp-block-list\">\n<li>Recordar tus preferencias y configuraciones<\/li>\n\n\n\n<li>Mejorar el rendimiento y la funcionalidad de la web<\/li>\n\n\n\n<li>Analizar el tr\u00e1fico y las tendencias de uso<\/li>\n\n\n\n<li>Ofrecer contenido de marketing relevante<\/li>\n<\/ul>\n\n<hr class=\"wp-block-separator has-alpha-channel-opacity\"\/>\n\n<h2 class=\"wp-block-heading\">3. Tipos de cookies que utilizamos<\/h2>\n\n<ul class=\"wp-block-list\">\n<li><strong>Cookies esenciales<\/strong>: necesarias para la funcionalidad b\u00e1sica del sitio (no se pueden desactivar).<\/li>\n\n\n\n<li><strong>Cookies de rendimiento<\/strong>: nos ayudan a entender c\u00f3mo los visitantes interact\u00faan con el sitio (por ejemplo, an\u00e1lisis).<\/li>\n\n\n\n<li><strong>Cookies de funcionalidad<\/strong>: recuerdan las preferencias y elecciones del usuario.<\/li>\n\n\n\n<li><strong>Cookies de marketing<\/strong>: rastrean la actividad del usuario para ofrecer publicidad dirigida.<\/li>\n<\/ul>\n<div class=\"wp-block-paragraph\">\n<p>Para cada categor\u00eda (excepto las esenciales), se requiere tu consentimiento antes de que se coloquen las cookies.<\/p>\n<\/div>\n<hr class=\"wp-block-separator has-alpha-channel-opacity\"\/>\n\n<h2 class=\"wp-block-heading\">4. Cookies de terceros<\/h2>\n<div class=\"wp-block-paragraph\">\n<p>Podemos utilizar cookies de terceros proporcionadas por partners de confianza (por ejemplo, Google Analytics, Meta Pixel) para ayudarnos a medir y optimizar el rendimiento.<br\/>Estos proveedores pueden procesar datos fuera del Espacio Econ\u00f3mico Europeo. Cuando esto ocurre, se aplican garant\u00edas adecuadas (como las Cl\u00e1usulas Contractuales Tipo).<br\/>Para m\u00e1s informaci\u00f3n, consulta sus pol\u00edticas de privacidad: <\/p>\n<\/div>\n<ul class=\"wp-block-list\">\n<li><a href=\"https:\/\/policies.google.com\/privacy\">Google<\/a><\/li>\n\n\n\n<li><a href=\"https:\/\/www.facebook.com\/privacy\/policy\/?entry_point=data_policy_redirect&amp;entry=0\">Meta<\/a><\/li>\n<\/ul>\n\n<hr class=\"wp-block-separator has-alpha-channel-opacity\"\/>\n\n<h2 class=\"wp-block-heading\">5. Duraci\u00f3n de las cookies<\/h2>\n\n<ul class=\"wp-block-list\">\n<li>Las cookies de sesi\u00f3n se eliminan al cerrar el navegador.<\/li>\n\n\n\n<li>Las cookies persistentes permanecen en tu dispositivo durante un m\u00e1ximo de <strong>13 meses<\/strong> (tras los cuales se eliminan o anonimiza autom\u00e1ticamente).<\/li>\n<\/ul>\n\n<hr class=\"wp-block-separator has-alpha-channel-opacity\"\/>\n\n<h2 class=\"wp-block-heading\">6. C\u00f3mo controlar las cookies<\/h2>\n<div class=\"wp-block-paragraph\">\n<p>Cuando visites nuestro sitio por primera vez, ver\u00e1s un banner de cookies que te permitir\u00e1:<\/p>\n<\/div>\n<ul class=\"wp-block-list\">\n<li>Aceptar todas las cookies<\/li>\n\n\n\n<li>Rechazar todas las cookies no esenciales<\/li>\n\n\n\n<li>Personalizar tus preferencias por categor\u00eda<\/li>\n<\/ul>\n<div class=\"wp-block-paragraph\">\n<p>Puedes cambiar o retirar tu consentimiento en cualquier momento a trav\u00e9s del enlace \u201c<strong>Configuraci\u00f3n de cookies<\/strong>\u201d disponible en la parte inferior de nuestro sitio.<\/p>\n<\/div><div class=\"wp-block-paragraph\">\n<p>Tambi\u00e9n puedes gestionar las cookies directamente desde la configuraci\u00f3n de tu navegador, aunque esto puede afectar tu experiencia de navegaci\u00f3n.<\/p>\n<\/div>\n<hr class=\"wp-block-separator has-alpha-channel-opacity\"\/>\n\n<h2 class=\"wp-block-heading\">7. Base legal para el tratamiento<\/h2>\n<div class=\"wp-block-paragraph\">\n<p>Para las cookies esenciales, el tratamiento se basa en nuestro inter\u00e9s leg\u00edtimo para garantizar el correcto funcionamiento del sitio web. Para todas las dem\u00e1s cookies, el tratamiento se realiza con tu consentimiento expl\u00edcito, que puedes retirar en cualquier momento.<\/p>\n<\/div>\n<hr class=\"wp-block-separator has-alpha-channel-opacity\"\/>\n\n<h2 class=\"wp-block-heading\">8. Cambios en esta pol\u00edtica<\/h2>\n<div class=\"wp-block-paragraph\">\n<p>Podemos actualizar esta Pol\u00edtica de Cookies de vez en cuando para reflejar cambios en la tecnolog\u00eda o la normativa.<br\/>La versi\u00f3n revisada se publicar\u00e1 en esta p\u00e1gina con la fecha de actualizaci\u00f3n correspondiente. <\/p>\n<\/div>\n<hr class=\"wp-block-separator has-alpha-channel-opacity\"\/>\n\n<h2 class=\"wp-block-heading\">9. Cont\u00e1ctanos<\/h2>\n<div class=\"wp-block-paragraph\">\n<p>Si tienes alguna pregunta sobre nuestro uso de cookies, por favor, ponte en contacto con nosotros.<\/p>\n<\/div>\n<h3 class=\"wp-block-heading\">Responsable del sitio web<\/h3>\n<div class=\"wp-block-paragraph\">\n<p>Este sitio web es publicado por:<br\/>LABYRINTH BIDCO<br\/>Sociedad francesa con un capital social de 121.557.723 euros<br\/>19 rue Martel, 75010 Par\u00eds, Francia<br\/>Inscrita en el Registro Nacional de Empresas de Francia (Registre national des entreprises) con el n\u00famero 900 657 354<\/p>\n<\/div>\n<h3 class=\"wp-block-heading\">Director de la Publicaci\u00f3n<\/h3>\n<div class=\"wp-block-paragraph\">\n<p>El Director de la Publicaci\u00f3n es St\u00e9phane Levy, presidente de LABYRINTH BIDCO<\/p>\n<\/div>\n<h3 class=\"wp-block-heading\">Proveedor de alojamiento web<\/h3>\n<div class=\"wp-block-paragraph\">\n<p>Este sitio web est\u00e1 alojado por:<br\/>1000heads Pty Ltd<br\/>Suite 3.02, Level 3, 414 Kent Street<br\/>S\u00eddney, NSW 2000, Australia<br\/>Tel.: +61 2 9251 0491<\/p>\n<\/div>\n<h3 class=\"wp-block-heading\">Proveedor de alojamiento de datos:<\/h3>\n<div class=\"wp-block-paragraph\">\n<p>Los datos procesados \u200b\u200ben este sitio web est\u00e1n alojados por:<br\/>1000heads Pty Ltd<br\/>Suite 3.02, Nivel 3, 414 Kent Street, S\u00eddney, NSW 2000, Australia<br\/>+61 2 9251 0491<\/p>\n<\/div>","protected":false},"excerpt":{"rendered":"<p>\u00daltima actualizaci\u00f3n: 15 de abril de 2025 1. \u00bfQu\u00e9 son las cookies? Las cookies son peque\u00f1os archivos de texto que los sitios web colocan en tu dispositivo. Permiten que los sitios web funcionen correctamente, mejoren la experiencia del usuario y proporcionen datos de uso para su an\u00e1lisis. 2. C\u00f3mo utilizamos las cookies Cosmo5 utiliza cookies [&hellip;]<\/p>\n","protected":false},"author":32,"featured_media":0,"parent":0,"menu_order":78,"comment_status":"closed","ping_status":"closed","template":"page-simple.php","meta":{"_acf_changed":false,"footnotes":""},"class_list":["post-9868","page","type-page","status-publish","hentry"],"acf":[],"yoast_head":"<!-- This site is optimized with the Yoast SEO plugin v26.5 - https:\/\/yoast.com\/wordpress\/plugins\/seo\/ -->\n<title>Pol\u00edtica de cookies | Cosmo5<\/title>\n<meta name=\"description\" content=\"Consulta la pol\u00edtica de cookies de Cosmo5 para saber c\u00f3mo usamos estas tecnolog\u00edas para mejorar tu experiencia y medir el rendimiento de nuestro sitio web.\" \/>\n<meta name=\"robots\" content=\"noindex, follow, max-snippet:-1, max-image-preview:large, max-video-preview:-1\" \/>\n<meta property=\"og:locale\" content=\"es_ES\" \/>\n<meta property=\"og:type\" content=\"article\" \/>\n<meta property=\"og:title\" content=\"Pol\u00edtica de cookies | Cosmo5\" \/>\n<meta property=\"og:description\" content=\"Consulta la pol\u00edtica de cookies de Cosmo5 para saber c\u00f3mo usamos estas tecnolog\u00edas para mejorar tu experiencia y medir el rendimiento de nuestro sitio web.\" \/>\n<meta property=\"og:url\" content=\"https:\/\/cosmo5.luke.1000headsdev.com\/es-es\/politica-de-cookies\/\" \/>\n<meta property=\"og:site_name\" content=\"Cosmo5\" \/>\n<meta property=\"article:modified_time\" content=\"2026-01-10T13:30:46+00:00\" \/>\n<meta name=\"twitter:card\" content=\"summary_large_image\" \/>\n<meta name=\"twitter:label1\" content=\"Tiempo de lectura\" \/>\n\t<meta name=\"twitter:data1\" content=\"3 minutos\" \/>\n<script type=\"application\/ld+json\" class=\"yoast-schema-graph\">{\"@context\":\"https:\/\/schema.org\",\"@graph\":[{\"@type\":\"WebPage\",\"@id\":\"https:\/\/cosmo5.luke.1000headsdev.com\/es-es\/politica-de-cookies\/\",\"url\":\"https:\/\/cosmo5.luke.1000headsdev.com\/es-es\/politica-de-cookies\/\",\"name\":\"Pol\u00edtica de cookies | Cosmo5\",\"isPartOf\":{\"@id\":\"https:\/\/cosmo5.luke.1000headsdev.com\/es-es\/#website\"},\"datePublished\":\"2025-12-05T17:17:27+00:00\",\"dateModified\":\"2026-01-10T13:30:46+00:00\",\"description\":\"Consulta la pol\u00edtica de cookies de Cosmo5 para saber c\u00f3mo usamos estas tecnolog\u00edas para mejorar tu experiencia y medir el rendimiento de nuestro sitio web.\",\"breadcrumb\":{\"@id\":\"https:\/\/cosmo5.luke.1000headsdev.com\/es-es\/politica-de-cookies\/#breadcrumb\"},\"inLanguage\":\"es\",\"potentialAction\":[{\"@type\":\"ReadAction\",\"target\":[\"https:\/\/cosmo5.luke.1000headsdev.com\/es-es\/politica-de-cookies\/\"]}]},{\"@type\":\"BreadcrumbList\",\"@id\":\"https:\/\/cosmo5.luke.1000headsdev.com\/es-es\/politica-de-cookies\/#breadcrumb\",\"itemListElement\":[{\"@type\":\"ListItem\",\"position\":1,\"name\":\"Home\",\"item\":\"https:\/\/cosmo5.luke.1000headsdev.com\/es-es\/\"},{\"@type\":\"ListItem\",\"position\":2,\"name\":\"Pol\u00edtica de cookies\"}]},{\"@type\":\"WebSite\",\"@id\":\"https:\/\/cosmo5.luke.1000headsdev.com\/es-es\/#website\",\"url\":\"https:\/\/cosmo5.luke.1000headsdev.com\/es-es\/\",\"name\":\"Cosmo5\",\"description\":\"\",\"publisher\":{\"@id\":\"https:\/\/cosmo5.luke.1000headsdev.com\/es-es\/#organization\"},\"potentialAction\":[{\"@type\":\"SearchAction\",\"target\":{\"@type\":\"EntryPoint\",\"urlTemplate\":\"https:\/\/cosmo5.luke.1000headsdev.com\/es-es\/?s={search_term_string}\"},\"query-input\":{\"@type\":\"PropertyValueSpecification\",\"valueRequired\":true,\"valueName\":\"search_term_string\"}}],\"inLanguage\":\"es\"},{\"@type\":\"Organization\",\"@id\":\"https:\/\/cosmo5.luke.1000headsdev.com\/es-es\/#organization\",\"name\":\"Cosmo5\",\"url\":\"https:\/\/cosmo5.luke.1000headsdev.com\/es-es\/\",\"logo\":{\"@type\":\"ImageObject\",\"inLanguage\":\"es\",\"@id\":\"https:\/\/cosmo5.luke.1000headsdev.com\/es-es\/#\/schema\/logo\/image\/\",\"url\":\"https:\/\/cosmo5.luke.1000headsdev.com\/wp-content\/uploads\/2025\/12\/c5_logo.svg\",\"contentUrl\":\"https:\/\/cosmo5.luke.1000headsdev.com\/wp-content\/uploads\/2025\/12\/c5_logo.svg\",\"caption\":\"Cosmo5\"},\"image\":{\"@id\":\"https:\/\/cosmo5.luke.1000headsdev.com\/es-es\/#\/schema\/logo\/image\/\"}}]}<\/script>\n<!-- \/ Yoast SEO plugin. -->","yoast_head_json":{"title":"Pol\u00edtica de cookies | Cosmo5","description":"Consulta la pol\u00edtica de cookies de Cosmo5 para saber c\u00f3mo usamos estas tecnolog\u00edas para mejorar tu experiencia y medir el rendimiento de nuestro sitio web.","robots":{"index":"noindex","follow":"follow","max-snippet":"max-snippet:-1","max-image-preview":"max-image-preview:large","max-video-preview":"max-video-preview:-1"},"og_locale":"es_ES","og_type":"article","og_title":"Pol\u00edtica de cookies | Cosmo5","og_description":"Consulta la pol\u00edtica de cookies de Cosmo5 para saber c\u00f3mo usamos estas tecnolog\u00edas para mejorar tu experiencia y medir el rendimiento de nuestro sitio web.","og_url":"https:\/\/cosmo5.luke.1000headsdev.com\/es-es\/politica-de-cookies\/","og_site_name":"Cosmo5","article_modified_time":"2026-01-10T13:30:46+00:00","twitter_card":"summary_large_image","twitter_misc":{"Tiempo de lectura":"3 minutos"},"schema":{"@context":"https:\/\/schema.org","@graph":[{"@type":"WebPage","@id":"https:\/\/cosmo5.luke.1000headsdev.com\/es-es\/politica-de-cookies\/","url":"https:\/\/cosmo5.luke.1000headsdev.com\/es-es\/politica-de-cookies\/","name":"Pol\u00edtica de cookies | Cosmo5","isPartOf":{"@id":"https:\/\/cosmo5.luke.1000headsdev.com\/es-es\/#website"},"datePublished":"2025-12-05T17:17:27+00:00","dateModified":"2026-01-10T13:30:46+00:00","description":"Consulta la pol\u00edtica de cookies de Cosmo5 para saber c\u00f3mo usamos estas tecnolog\u00edas para mejorar tu experiencia y medir el rendimiento de nuestro sitio web.","breadcrumb":{"@id":"https:\/\/cosmo5.luke.1000headsdev.com\/es-es\/politica-de-cookies\/#breadcrumb"},"inLanguage":"es","potentialAction":[{"@type":"ReadAction","target":["https:\/\/cosmo5.luke.1000headsdev.com\/es-es\/politica-de-cookies\/"]}]},{"@type":"BreadcrumbList","@id":"https:\/\/cosmo5.luke.1000headsdev.com\/es-es\/politica-de-cookies\/#breadcrumb","itemListElement":[{"@type":"ListItem","position":1,"name":"Home","item":"https:\/\/cosmo5.luke.1000headsdev.com\/es-es\/"},{"@type":"ListItem","position":2,"name":"Pol\u00edtica de cookies"}]},{"@type":"WebSite","@id":"https:\/\/cosmo5.luke.1000headsdev.com\/es-es\/#website","url":"https:\/\/cosmo5.luke.1000headsdev.com\/es-es\/","name":"Cosmo5","description":"","publisher":{"@id":"https:\/\/cosmo5.luke.1000headsdev.com\/es-es\/#organization"},"potentialAction":[{"@type":"SearchAction","target":{"@type":"EntryPoint","urlTemplate":"https:\/\/cosmo5.luke.1000headsdev.com\/es-es\/?s={search_term_string}"},"query-input":{"@type":"PropertyValueSpecification","valueRequired":true,"valueName":"search_term_string"}}],"inLanguage":"es"},{"@type":"Organization","@id":"https:\/\/cosmo5.luke.1000headsdev.com\/es-es\/#organization","name":"Cosmo5","url":"https:\/\/cosmo5.luke.1000headsdev.com\/es-es\/","logo":{"@type":"ImageObject","inLanguage":"es","@id":"https:\/\/cosmo5.luke.1000headsdev.com\/es-es\/#\/schema\/logo\/image\/","url":"https:\/\/cosmo5.luke.1000headsdev.com\/wp-content\/uploads\/2025\/12\/c5_logo.svg","contentUrl":"https:\/\/cosmo5.luke.1000headsdev.com\/wp-content\/uploads\/2025\/12\/c5_logo.svg","caption":"Cosmo5"},"image":{"@id":"https:\/\/cosmo5.luke.1000headsdev.com\/es-es\/#\/schema\/logo\/image\/"}}]}},"_links":{"self":[{"href":"https:\/\/cosmo5.luke.1000headsdev.com\/es-es\/wp-json\/wp\/v2\/pages\/9868","targetHints":{"allow":["GET"]}}],"collection":[{"href":"https:\/\/cosmo5.luke.1000headsdev.com\/es-es\/wp-json\/wp\/v2\/pages"}],"about":[{"href":"https:\/\/cosmo5.luke.1000headsdev.com\/es-es\/wp-json\/wp\/v2\/types\/page"}],"author":[{"embeddable":true,"href":"https:\/\/cosmo5.luke.1000headsdev.com\/es-es\/wp-json\/wp\/v2\/users\/32"}],"replies":[{"embeddable":true,"href":"https:\/\/cosmo5.luke.1000headsdev.com\/es-es\/wp-json\/wp\/v2\/comments?post=9868"}],"version-history":[{"count":7,"href":"https:\/\/cosmo5.luke.1000headsdev.com\/es-es\/wp-json\/wp\/v2\/pages\/9868\/revisions"}],"predecessor-version":[{"id":19468,"href":"https:\/\/cosmo5.luke.1000headsdev.com\/es-es\/wp-json\/wp\/v2\/pages\/9868\/revisions\/19468"}],"wp:attachment":[{"href":"https:\/\/cosmo5.luke.1000headsdev.com\/es-es\/wp-json\/wp\/v2\/media?parent=9868"}],"curies":[{"name":"wp","href":"https:\/\/api.w.org\/{rel}","templated":true}]}}