{"id":15230,"date":"2025-12-05T12:19:47","date_gmt":"2025-12-05T12:19:47","guid":{"rendered":"https:\/\/c5-staging.1000headsdev.com\/work\/"},"modified":"2026-01-12T12:40:40","modified_gmt":"2026-01-12T12:40:40","slug":"nuestro-trabajo","status":"publish","type":"page","link":"https:\/\/cosmo5.luke.1000headsdev.com\/es-mx\/nuestro-trabajo\/","title":{"rendered":"Nuestro trabajo"},"content":{"rendered":"\r\n<section  class=\"page-hero-banner hero-banner-mode no-bg\">\r\n\t<div class=\"container-fluid\">\r\n\t\t<div class=\"blob five\"><\/div>\r\n\t\t<div class=\"hero-banner-container no-gradient\">\r\n\t\t\t<div class=\"hero-banner-content\">\r\n\t\t\t\t<div class=\"banner-main-content\">\r\n\t\t\t\t\t<div class=\"banner-left\">\r\n\t\t\t\t\t\t<nav class=\"banner-breadcrumb\"><span><span><a href=\"https:\/\/cosmo5.luke.1000headsdev.com\/es-mx\/\">Home<\/a><\/span><\/span><\/nav>\t\t\t\t\t\t\t\t\t\t\t\t\t<h1 id=\"page-title\" class=\"banner-headline\">\r\n\t\t\t\t\t\t\t\tDonde la Innovaci\u00f3n se Encuentra con el Impacto\t\t\t\t\t\t\t<\/h1>\r\n\t\t\t\t\t\t\t\t\t\t\t\t\t\t\t\t\t<\/div>\r\n\r\n\t\t\t\t\t\t\t\t\t<\/div>\r\n\t\t\t<\/div>\r\n\r\n\t\t\t<div class=\"hero-observer-sentinel\" aria-hidden=\"true\"><\/div>\r\n\t\t<\/div>\r\n\t<\/div>\r\n<\/section>\n\n\r\n<section  class=\"article-grid no-filter\">\r\n\r\n\t\r\n\t<div class=\"container-fluid\">\r\n\t\t<div class=\"case-study-grid__wrapper \">\r\n\r\n\t<div class=\"case-study-grid__list\" id=\"case-study-grid-container\">\r\n\t\t\t<\/div>\r\n\r\n\t<\/div>\t<\/div>\r\n\r\n<\/section>\r\n\n\n\r\n<section \t\t class=\"logo-carousel module--logocarousel client\"\r\n\t\t data-module=\"carousel-logo-client\">\r\n\r\n\t<div class='logo-carousel__wrapper'>\r\n\r\n\t\t\r\n\t\t<div class=\"logo-carousel__main\">\r\n\r\n\t\t\t<h2 class=\"visually-hidden\"><\/h2>\r\n\r\n\t\t\t\t\t\t\t\r\n\r\n<div class=\"logo-carousel__viewport\" role=\"region\" aria-label=\"Client Logo Carousel (Auto-scrolling)\">\r\n\t<div class=\"logo-carousel__bg\" aria-hidden=\"true\"><\/div>\r\n\t\r\n\t<div class=\"logo-carousel__container marquee-inner\">\r\n\t\t\t\t\t\t\t\t<div class=\"logo-carousel__slide\" id=\"19119\" data-client=\"ba&amp;sh\">\r\n\t\t\t\t\t\t\t\t\t<a href=\"\/es-es\/clientes#client-bash\"\r\n\t\t\t\t\t\taria-label=\"View ba&amp;sh\" target=\"\"\t\t\t\t\t\tdata-client-index=\"0\">\r\n\t\t\t\t\t\t\t\t\t\t<img decoding=\"async\" src=\"https:\/\/cosmo5.luke.1000headsdev.com\/wp-content\/uploads\/2025\/12\/client_bash-300x150.png\"\r\n\t\t\t\t\t\t\t\talt=\"ba&amp;sh logo\" class=\"logo-carousel__logo\" loading=\"lazy\">\r\n\t\t\t\t\t\t\t\t\t<\/a>\r\n\t\t\t\t\t\t\t<\/div>\r\n\t\t\t\t\t\t\t\t<div class=\"logo-carousel__slide\" id=\"19099\" data-client=\"Bialetti\">\r\n\t\t\t\t\t\t\t\t\t<a href=\"\/es-es\/clientes#client-bialetti\"\r\n\t\t\t\t\t\taria-label=\"View Bialetti\" target=\"\"\t\t\t\t\t\tdata-client-index=\"1\">\r\n\t\t\t\t\t\t\t\t\t\t<img decoding=\"async\" src=\"https:\/\/cosmo5.luke.1000headsdev.com\/wp-content\/uploads\/2025\/12\/client_bialetti-300x150.png\"\r\n\t\t\t\t\t\t\t\talt=\"Bialetti logo\" class=\"logo-carousel__logo\" loading=\"lazy\">\r\n\t\t\t\t\t\t\t\t\t<\/a>\r\n\t\t\t\t\t\t\t<\/div>\r\n\t\t\t\t\t\t\t\t<div class=\"logo-carousel__slide\" id=\"19079\" data-client=\"Chopard\">\r\n\t\t\t\t\t\t\t\t\t<a href=\"\/es-es\/clientes#client-chopard\"\r\n\t\t\t\t\t\taria-label=\"View Chopard\" target=\"\"\t\t\t\t\t\tdata-client-index=\"2\">\r\n\t\t\t\t\t\t\t\t\t\t<img decoding=\"async\" src=\"https:\/\/cosmo5.luke.1000headsdev.com\/wp-content\/uploads\/2025\/12\/client_chopard-300x150.png\"\r\n\t\t\t\t\t\t\t\talt=\"Chopard logo\" class=\"logo-carousel__logo\" loading=\"lazy\">\r\n\t\t\t\t\t\t\t\t\t<\/a>\r\n\t\t\t\t\t\t\t<\/div>\r\n\t\t\t\t\t\t\t\t<div class=\"logo-carousel__slide\" id=\"19127\" data-client=\"Clarins\">\r\n\t\t\t\t\t\t\t\t\t<a href=\"\/es-es\/clientes#client-clarins\"\r\n\t\t\t\t\t\taria-label=\"View Clarins\" target=\"\"\t\t\t\t\t\tdata-client-index=\"3\">\r\n\t\t\t\t\t\t\t\t\t\t<img decoding=\"async\" src=\"https:\/\/cosmo5.luke.1000headsdev.com\/wp-content\/uploads\/2025\/12\/client_clarins-300x150.png\"\r\n\t\t\t\t\t\t\t\talt=\"Clarins logo\" class=\"logo-carousel__logo\" loading=\"lazy\">\r\n\t\t\t\t\t\t\t\t\t<\/a>\r\n\t\t\t\t\t\t\t<\/div>\r\n\t\t\t\t\t\t\t\t<div class=\"logo-carousel__slide\" id=\"19095\" data-client=\"Colnago\">\r\n\t\t\t\t\t\t\t\t\t<a href=\"\/es-es\/clientes#client-colnago\"\r\n\t\t\t\t\t\taria-label=\"View Colnago\" target=\"\"\t\t\t\t\t\tdata-client-index=\"4\">\r\n\t\t\t\t\t\t\t\t\t\t<img decoding=\"async\" src=\"https:\/\/cosmo5.luke.1000headsdev.com\/wp-content\/uploads\/2025\/12\/client_colnago-300x150.png\"\r\n\t\t\t\t\t\t\t\talt=\"Colnago logo\" class=\"logo-carousel__logo\" loading=\"lazy\">\r\n\t\t\t\t\t\t\t\t\t<\/a>\r\n\t\t\t\t\t\t\t<\/div>\r\n\t\t\t\t\t\t\t\t<div class=\"logo-carousel__slide\" id=\"19091\" data-client=\"De\u2019 Longhi\">\r\n\t\t\t\t\t\t\t\t\t<a href=\"\/es-es\/clientes#client-de-longhi\"\r\n\t\t\t\t\t\taria-label=\"View De\u2019 Longhi\" target=\"\"\t\t\t\t\t\tdata-client-index=\"5\">\r\n\t\t\t\t\t\t\t\t\t\t<img decoding=\"async\" src=\"https:\/\/cosmo5.luke.1000headsdev.com\/wp-content\/uploads\/2025\/12\/client_delonghi-300x150.png\"\r\n\t\t\t\t\t\t\t\talt=\"De\u2019 Longhi logo\" class=\"logo-carousel__logo\" loading=\"lazy\">\r\n\t\t\t\t\t\t\t\t\t<\/a>\r\n\t\t\t\t\t\t\t<\/div>\r\n\t\t\t\t\t\t\t\t<div class=\"logo-carousel__slide\" id=\"19067\" data-client=\"Diageo\">\r\n\t\t\t\t\t\t\t\t\t<a href=\"\/es-es\/clientes#client-diageo\"\r\n\t\t\t\t\t\taria-label=\"View Diageo\" target=\"\"\t\t\t\t\t\tdata-client-index=\"6\">\r\n\t\t\t\t\t\t\t\t\t\t<img decoding=\"async\" src=\"https:\/\/cosmo5.luke.1000headsdev.com\/wp-content\/uploads\/2025\/12\/client_diageo-300x150.png\"\r\n\t\t\t\t\t\t\t\talt=\"Diageo logo\" class=\"logo-carousel__logo\" loading=\"lazy\">\r\n\t\t\t\t\t\t\t\t\t<\/a>\r\n\t\t\t\t\t\t\t<\/div>\r\n\t\t\t\t\t\t\t\t<div class=\"logo-carousel__slide\" id=\"19143\" data-client=\"Fnac Darty\">\r\n\t\t\t\t\t\t\t\t\t<a href=\"\/es-es\/clientes#client-fnac-darty\"\r\n\t\t\t\t\t\taria-label=\"View Fnac Darty\" target=\"\"\t\t\t\t\t\tdata-client-index=\"7\">\r\n\t\t\t\t\t\t\t\t\t\t<img decoding=\"async\" src=\"https:\/\/cosmo5.luke.1000headsdev.com\/wp-content\/uploads\/2025\/12\/client_fnac-darty-300x150.png\"\r\n\t\t\t\t\t\t\t\talt=\"Fnac Darty logo\" class=\"logo-carousel__logo\" loading=\"lazy\">\r\n\t\t\t\t\t\t\t\t\t<\/a>\r\n\t\t\t\t\t\t\t<\/div>\r\n\t\t\t\t\t\t\t\t<div class=\"logo-carousel__slide\" id=\"19151\" data-client=\"Freshly Cosmetics\">\r\n\t\t\t\t\t\t\t\t\t<a href=\"\/es-es\/clientes#client-freshly-cosmetics\"\r\n\t\t\t\t\t\taria-label=\"View Freshly Cosmetics\" target=\"\"\t\t\t\t\t\tdata-client-index=\"8\">\r\n\t\t\t\t\t\t\t\t\t\t<img decoding=\"async\" src=\"https:\/\/cosmo5.luke.1000headsdev.com\/wp-content\/uploads\/2025\/12\/client_freshly-cosmetics-300x150.png\"\r\n\t\t\t\t\t\t\t\talt=\"Freshly Cosmetics logo\" class=\"logo-carousel__logo\" loading=\"lazy\">\r\n\t\t\t\t\t\t\t\t\t<\/a>\r\n\t\t\t\t\t\t\t<\/div>\r\n\t\t\t\t\t\t\t\t<div class=\"logo-carousel__slide\" id=\"19115\" data-client=\"Ghd\">\r\n\t\t\t\t\t\t\t\t\t<a href=\"\/es-es\/clientes#client-ghd\"\r\n\t\t\t\t\t\taria-label=\"View Ghd\" target=\"\"\t\t\t\t\t\tdata-client-index=\"9\">\r\n\t\t\t\t\t\t\t\t\t\t<img decoding=\"async\" src=\"https:\/\/cosmo5.luke.1000headsdev.com\/wp-content\/uploads\/2025\/12\/client_ghd-300x150.png\"\r\n\t\t\t\t\t\t\t\talt=\"Ghd logo\" class=\"logo-carousel__logo\" loading=\"lazy\">\r\n\t\t\t\t\t\t\t\t\t<\/a>\r\n\t\t\t\t\t\t\t<\/div>\r\n\t\t\t<\/div>\r\n<\/div>\r\n\t\t\t\t\t<\/div>\r\n\r\n\t<\/div>\r\n<\/section>\r\n\n\n<div class=\"wp-block-paragraph\">\n<p><\/p>\n<\/div>","protected":false},"excerpt":{"rendered":"","protected":false},"author":32,"featured_media":0,"parent":0,"menu_order":0,"comment_status":"closed","ping_status":"closed","template":"","meta":{"_acf_changed":false,"footnotes":""},"class_list":["post-15230","page","type-page","status-publish","hentry"],"acf":[],"yoast_head":"<!-- This site is optimized with the Yoast SEO plugin v26.5 - https:\/\/yoast.com\/wordpress\/plugins\/seo\/ -->\n<title>Casos de \u00e9xito de marketing e historias de \u00e9xito | Cosmo5<\/title>\n<meta name=\"description\" content=\"Explora casos de \u00e9xito de marketing de Cosmo5 en diversos sectores, desde media y commerce hasta datos, tecnolog\u00eda y creatividad.\" \/>\n<meta name=\"robots\" content=\"noindex, follow, max-snippet:-1, max-image-preview:large, max-video-preview:-1\" \/>\n<meta property=\"og:locale\" content=\"es_MX\" \/>\n<meta property=\"og:type\" content=\"article\" \/>\n<meta property=\"og:title\" content=\"Casos de \u00e9xito de marketing e historias de \u00e9xito | Cosmo5\" \/>\n<meta property=\"og:description\" content=\"Explora casos de \u00e9xito de marketing de Cosmo5 en diversos sectores, desde media y commerce hasta datos, tecnolog\u00eda y creatividad.\" \/>\n<meta property=\"og:url\" content=\"https:\/\/cosmo5.luke.1000headsdev.com\/es-mx\/nuestro-trabajo\/\" \/>\n<meta property=\"og:site_name\" content=\"Cosmo5\" \/>\n<meta property=\"article:modified_time\" content=\"2026-01-12T12:40:40+00:00\" \/>\n<meta name=\"twitter:card\" content=\"summary_large_image\" \/>\n<script type=\"application\/ld+json\" class=\"yoast-schema-graph\">{\"@context\":\"https:\/\/schema.org\",\"@graph\":[{\"@type\":\"WebPage\",\"@id\":\"https:\/\/cosmo5.luke.1000headsdev.com\/es-mx\/nuestro-trabajo\/\",\"url\":\"https:\/\/cosmo5.luke.1000headsdev.com\/es-mx\/nuestro-trabajo\/\",\"name\":\"Casos de \u00e9xito de marketing e historias de \u00e9xito | Cosmo5\",\"isPartOf\":{\"@id\":\"https:\/\/cosmo5.luke.1000headsdev.com\/es-mx\/#website\"},\"datePublished\":\"2025-12-05T12:19:47+00:00\",\"dateModified\":\"2026-01-12T12:40:40+00:00\",\"description\":\"Explora casos de \u00e9xito de marketing de Cosmo5 en diversos sectores, desde media y commerce hasta datos, tecnolog\u00eda y creatividad.\",\"breadcrumb\":{\"@id\":\"https:\/\/cosmo5.luke.1000headsdev.com\/es-mx\/nuestro-trabajo\/#breadcrumb\"},\"inLanguage\":\"es\",\"potentialAction\":[{\"@type\":\"ReadAction\",\"target\":[\"https:\/\/cosmo5.luke.1000headsdev.com\/es-mx\/nuestro-trabajo\/\"]}]},{\"@type\":\"BreadcrumbList\",\"@id\":\"https:\/\/cosmo5.luke.1000headsdev.com\/es-mx\/nuestro-trabajo\/#breadcrumb\",\"itemListElement\":[{\"@type\":\"ListItem\",\"position\":1,\"name\":\"Home\",\"item\":\"https:\/\/cosmo5.luke.1000headsdev.com\/es-mx\/\"},{\"@type\":\"ListItem\",\"position\":2,\"name\":\"Nuestro Trabajo\"}]},{\"@type\":\"WebSite\",\"@id\":\"https:\/\/cosmo5.luke.1000headsdev.com\/es-mx\/#website\",\"url\":\"https:\/\/cosmo5.luke.1000headsdev.com\/es-mx\/\",\"name\":\"Cosmo5\",\"description\":\"\",\"publisher\":{\"@id\":\"https:\/\/cosmo5.luke.1000headsdev.com\/es-mx\/#organization\"},\"potentialAction\":[{\"@type\":\"SearchAction\",\"target\":{\"@type\":\"EntryPoint\",\"urlTemplate\":\"https:\/\/cosmo5.luke.1000headsdev.com\/es-mx\/?s={search_term_string}\"},\"query-input\":{\"@type\":\"PropertyValueSpecification\",\"valueRequired\":true,\"valueName\":\"search_term_string\"}}],\"inLanguage\":\"es\"},{\"@type\":\"Organization\",\"@id\":\"https:\/\/cosmo5.luke.1000headsdev.com\/es-mx\/#organization\",\"name\":\"Cosmo5\",\"url\":\"https:\/\/cosmo5.luke.1000headsdev.com\/es-mx\/\",\"logo\":{\"@type\":\"ImageObject\",\"inLanguage\":\"es\",\"@id\":\"https:\/\/cosmo5.luke.1000headsdev.com\/es-mx\/#\/schema\/logo\/image\/\",\"url\":\"https:\/\/cosmo5.luke.1000headsdev.com\/wp-content\/uploads\/2025\/12\/c5_logo.svg\",\"contentUrl\":\"https:\/\/cosmo5.luke.1000headsdev.com\/wp-content\/uploads\/2025\/12\/c5_logo.svg\",\"caption\":\"Cosmo5\"},\"image\":{\"@id\":\"https:\/\/cosmo5.luke.1000headsdev.com\/es-mx\/#\/schema\/logo\/image\/\"}}]}<\/script>\n<!-- \/ Yoast SEO plugin. -->","yoast_head_json":{"title":"Casos de \u00e9xito de marketing e historias de \u00e9xito | Cosmo5","description":"Explora casos de \u00e9xito de marketing de Cosmo5 en diversos sectores, desde media y commerce hasta datos, tecnolog\u00eda y creatividad.","robots":{"index":"noindex","follow":"follow","max-snippet":"max-snippet:-1","max-image-preview":"max-image-preview:large","max-video-preview":"max-video-preview:-1"},"og_locale":"es_MX","og_type":"article","og_title":"Casos de \u00e9xito de marketing e historias de \u00e9xito | Cosmo5","og_description":"Explora casos de \u00e9xito de marketing de Cosmo5 en diversos sectores, desde media y commerce hasta datos, tecnolog\u00eda y creatividad.","og_url":"https:\/\/cosmo5.luke.1000headsdev.com\/es-mx\/nuestro-trabajo\/","og_site_name":"Cosmo5","article_modified_time":"2026-01-12T12:40:40+00:00","twitter_card":"summary_large_image","schema":{"@context":"https:\/\/schema.org","@graph":[{"@type":"WebPage","@id":"https:\/\/cosmo5.luke.1000headsdev.com\/es-mx\/nuestro-trabajo\/","url":"https:\/\/cosmo5.luke.1000headsdev.com\/es-mx\/nuestro-trabajo\/","name":"Casos de \u00e9xito de marketing e historias de \u00e9xito | Cosmo5","isPartOf":{"@id":"https:\/\/cosmo5.luke.1000headsdev.com\/es-mx\/#website"},"datePublished":"2025-12-05T12:19:47+00:00","dateModified":"2026-01-12T12:40:40+00:00","description":"Explora casos de \u00e9xito de marketing de Cosmo5 en diversos sectores, desde media y commerce hasta datos, tecnolog\u00eda y creatividad.","breadcrumb":{"@id":"https:\/\/cosmo5.luke.1000headsdev.com\/es-mx\/nuestro-trabajo\/#breadcrumb"},"inLanguage":"es","potentialAction":[{"@type":"ReadAction","target":["https:\/\/cosmo5.luke.1000headsdev.com\/es-mx\/nuestro-trabajo\/"]}]},{"@type":"BreadcrumbList","@id":"https:\/\/cosmo5.luke.1000headsdev.com\/es-mx\/nuestro-trabajo\/#breadcrumb","itemListElement":[{"@type":"ListItem","position":1,"name":"Home","item":"https:\/\/cosmo5.luke.1000headsdev.com\/es-mx\/"},{"@type":"ListItem","position":2,"name":"Nuestro Trabajo"}]},{"@type":"WebSite","@id":"https:\/\/cosmo5.luke.1000headsdev.com\/es-mx\/#website","url":"https:\/\/cosmo5.luke.1000headsdev.com\/es-mx\/","name":"Cosmo5","description":"","publisher":{"@id":"https:\/\/cosmo5.luke.1000headsdev.com\/es-mx\/#organization"},"potentialAction":[{"@type":"SearchAction","target":{"@type":"EntryPoint","urlTemplate":"https:\/\/cosmo5.luke.1000headsdev.com\/es-mx\/?s={search_term_string}"},"query-input":{"@type":"PropertyValueSpecification","valueRequired":true,"valueName":"search_term_string"}}],"inLanguage":"es"},{"@type":"Organization","@id":"https:\/\/cosmo5.luke.1000headsdev.com\/es-mx\/#organization","name":"Cosmo5","url":"https:\/\/cosmo5.luke.1000headsdev.com\/es-mx\/","logo":{"@type":"ImageObject","inLanguage":"es","@id":"https:\/\/cosmo5.luke.1000headsdev.com\/es-mx\/#\/schema\/logo\/image\/","url":"https:\/\/cosmo5.luke.1000headsdev.com\/wp-content\/uploads\/2025\/12\/c5_logo.svg","contentUrl":"https:\/\/cosmo5.luke.1000headsdev.com\/wp-content\/uploads\/2025\/12\/c5_logo.svg","caption":"Cosmo5"},"image":{"@id":"https:\/\/cosmo5.luke.1000headsdev.com\/es-mx\/#\/schema\/logo\/image\/"}}]}},"_links":{"self":[{"href":"https:\/\/cosmo5.luke.1000headsdev.com\/es-mx\/wp-json\/wp\/v2\/pages\/15230","targetHints":{"allow":["GET"]}}],"collection":[{"href":"https:\/\/cosmo5.luke.1000headsdev.com\/es-mx\/wp-json\/wp\/v2\/pages"}],"about":[{"href":"https:\/\/cosmo5.luke.1000headsdev.com\/es-mx\/wp-json\/wp\/v2\/types\/page"}],"author":[{"embeddable":true,"href":"https:\/\/cosmo5.luke.1000headsdev.com\/es-mx\/wp-json\/wp\/v2\/users\/32"}],"replies":[{"embeddable":true,"href":"https:\/\/cosmo5.luke.1000headsdev.com\/es-mx\/wp-json\/wp\/v2\/comments?post=15230"}],"version-history":[{"count":2,"href":"https:\/\/cosmo5.luke.1000headsdev.com\/es-mx\/wp-json\/wp\/v2\/pages\/15230\/revisions"}],"predecessor-version":[{"id":20822,"href":"https:\/\/cosmo5.luke.1000headsdev.com\/es-mx\/wp-json\/wp\/v2\/pages\/15230\/revisions\/20822"}],"wp:attachment":[{"href":"https:\/\/cosmo5.luke.1000headsdev.com\/es-mx\/wp-json\/wp\/v2\/media?parent=15230"}],"curies":[{"name":"wp","href":"https:\/\/api.w.org\/{rel}","templated":true}]}}