{"id":13944,"date":"2025-12-05T17:17:27","date_gmt":"2025-12-05T17:17:27","guid":{"rendered":"https:\/\/c5-staging.1000headsdev.com\/cookie-policy-2\/"},"modified":"2026-01-12T23:21:18","modified_gmt":"2026-01-12T23:21:18","slug":"cookie-policy","status":"publish","type":"page","link":"https:\/\/cosmo5.luke.1000headsdev.com\/fr-ca\/cookie-policy\/","title":{"rendered":"Politique de cookies"},"content":{"rendered":"\r\n<section  class=\"page-hero-banner hero-banner-mode no-bg\">\r\n\t<div class=\"container-fluid\">\r\n\t\t<div class=\"blob five\"><\/div>\r\n\t\t<div class=\"hero-banner-container no-gradient\">\r\n\t\t\t<div class=\"hero-banner-content\">\r\n\t\t\t\t<div class=\"banner-main-content\">\r\n\t\t\t\t\t<div class=\"banner-left\">\r\n\t\t\t\t\t\t<nav class=\"banner-breadcrumb\"><span><span><a href=\"https:\/\/cosmo5.luke.1000headsdev.com\/fr-ca\/\">Home<\/a><\/span><\/span><\/nav>\t\t\t\t\t\t\t\t\t\t\t\t\t<h1 id=\"page-title\" class=\"banner-headline\">\r\n\t\t\t\t\t\t\t\tPolitique de cookies\t\t\t\t\t\t\t<\/h1>\r\n\t\t\t\t\t\t\t\t\t\t\t\t\t\t\t\t\t<\/div>\r\n\r\n\t\t\t\t\t\t\t\t\t<\/div>\r\n\t\t\t<\/div>\r\n\r\n\t\t\t<div class=\"hero-observer-sentinel\" aria-hidden=\"true\"><\/div>\r\n\t\t<\/div>\r\n\t<\/div>\r\n<\/section>\n\n<div class=\"wp-block-paragraph\">\n<p>Derni\u00e8re mise \u00e0 jour : 15 avril 2025<\/p>\n<\/div>\n\n\n<h2 class=\"wp-block-heading\">1. Que sont les cookies ?<\/h2>\n\n\n<div class=\"wp-block-paragraph\">\n<p>Les cookies sont de petits fichiers texte plac\u00e9s sur votre appareil par les sites web que vous visitez. Ils permettent aux sites web de fonctionner correctement, d\u2019am\u00e9liorer l\u2019exp\u00e9rience de l\u2019utilisateur et de fournir des donn\u00e9es d\u2019utilisation \u00e0 des fins d\u2019analyse. <\/p>\n<\/div>\n\n\n<hr class=\"wp-block-separator has-alpha-channel-opacity\"\/>\n\n\n\n<h2 class=\"wp-block-heading\">2. Comment nous utilisons les cookies<\/h2>\n\n\n<div class=\"wp-block-paragraph\">\n<p>Cosmo5 utilise des cookies pour :<\/p>\n<\/div>\n\n\n<ul class=\"wp-block-list\">\n<li>M\u00e9moriser vos pr\u00e9f\u00e9rences et vos param\u00e8tres<\/li>\n\n\n\n<li>Am\u00e9liorer les performances et les fonctionnalit\u00e9s du site web<\/li>\n\n\n\n<li>Analyser les tendances du trafic et de l\u2019utilisation<\/li>\n\n\n\n<li>Fournir un contenu marketing pertinent<\/li>\n<\/ul>\n\n\n\n<hr class=\"wp-block-separator has-alpha-channel-opacity\"\/>\n\n\n\n<h2 class=\"wp-block-heading\">3. Types de cookies que nous utilisons<\/h2>\n\n\n\n<ul class=\"wp-block-list\">\n<li><strong>Cookies essentiels<\/strong>: N\u00e9cessaires \u00e0 la fonctionnalit\u00e9 de base du site (ne peuvent \u00eatre d\u00e9sactiv\u00e9s).<\/li>\n\n\n\n<li><strong>Cookies de performance<\/strong>: Ils nous aident \u00e0 comprendre comment les visiteurs interagissent avec le site (par exemple, analyse).<\/li>\n\n\n\n<li><strong>Cookies de fonctionnalit\u00e9<\/strong>: M\u00e9morisent les pr\u00e9f\u00e9rences et les choix de l\u2019utilisateur.<\/li>\n\n\n\n<li><strong>Cookies de marketing<\/strong>: Suivre l\u2019activit\u00e9 de l\u2019utilisateur afin de lui proposer des publicit\u00e9s cibl\u00e9es.<\/li>\n<\/ul>\n\n\n<div class=\"wp-block-paragraph\">\n<p>Pour chaque cat\u00e9gorie (\u00e0 l\u2019exception des cat\u00e9gories essentielles), votre consentement est requis avant que des cookies ne soient plac\u00e9s.<\/p>\n<\/div>\n\n\n<hr class=\"wp-block-separator has-alpha-channel-opacity\"\/>\n\n\n\n<h2 class=\"wp-block-heading\">4. Cookies de tiers<\/h2>\n\n\n<div class=\"wp-block-paragraph\">\n<p>Nous pouvons utiliser des cookies tiers fournis par des partenaires de confiance (par exemple, Google Analytics, Meta Pixel) pour nous aider \u00e0 mesurer et \u00e0 optimiser les performances.<br>Ces fournisseurs peuvent traiter des donn\u00e9es en dehors de l\u2019Espace \u00e9conomique europ\u00e9en. Lorsque c\u2019est le cas, des garanties appropri\u00e9es (telles que les Clauses Contractuelles Types) sont appliqu\u00e9es.<br>Pour plus de d\u00e9tails, veuillez vous r\u00e9f\u00e9rer \u00e0 leurs politiques de confidentialit\u00e9 : <\/p>\n<\/div>\n\n\n<ul class=\"wp-block-list\">\n<li><a href=\"https:\/\/policies.google.com\/privacy\">Google<\/a><\/li>\n\n\n\n<li><a href=\"https:\/\/www.facebook.com\/privacy\/policy\/?entry_point=data_policy_redirect&amp;entry=0\">Meta<\/a><\/li>\n<\/ul>\n\n\n\n<hr class=\"wp-block-separator has-alpha-channel-opacity\"\/>\n\n\n\n<h2 class=\"wp-block-heading\">5. Dur\u00e9e du cookie<\/h2>\n\n\n\n<ul class=\"wp-block-list\">\n<li>Les cookies de session sont supprim\u00e9s lorsque vous fermez votre navigateur.<\/li>\n\n\n\n<li>Les cookies persistants restent sur votre appareil pour une dur\u00e9e maximale de 13 mois (apr\u00e8s quoi ils sont automatiquement supprim\u00e9s ou anonymis\u00e9s).<\/li>\n<\/ul>\n\n\n\n<hr class=\"wp-block-separator has-alpha-channel-opacity\"\/>\n\n\n\n<h2 class=\"wp-block-heading\">6. Comment contr\u00f4ler les cookies<\/h2>\n\n\n<div class=\"wp-block-paragraph\">\n<p>Lors de votre premi\u00e8re visite sur notre site, vous verrez une banni\u00e8re de cookies vous permettant de.. :<\/p>\n<\/div>\n\n\n<ul class=\"wp-block-list\">\n<li>Accepter tous les cookies<\/li>\n\n\n\n<li>Refuser tous les cookies non essentiels<\/li>\n\n\n\n<li>Personnalisez vos pr\u00e9f\u00e9rences par cat\u00e9gorie<\/li>\n<\/ul>\n\n\n<div class=\"wp-block-paragraph\">\n<p>Vous pouvez modifier ou retirer votre consentement \u00e0 tout moment via le lien <strong>\u00ab Param\u00e8tres des cookies \u00bb<\/strong> disponible au bas de notre site.<\/p>\n<\/div>\n\n<div class=\"wp-block-paragraph\">\n<p>Vous pouvez \u00e9galement g\u00e9rer les cookies directement via les param\u00e8tres de votre navigateur, bien que cela puisse avoir un impact sur votre exp\u00e9rience de navigation<\/p>\n<\/div>\n\n\n<hr class=\"wp-block-separator has-alpha-channel-opacity\"\/>\n\n\n\n<h2 class=\"wp-block-heading\">7. Base juridique du traitement<\/h2>\n\n\n<div class=\"wp-block-paragraph\">\n<p>Pour les cookies essentiels, le traitement est bas\u00e9 sur notre int\u00e9r\u00eat l\u00e9gitime \u00e0 assurer la fonctionnalit\u00e9 du site web.<br>Pour tous les autres cookies, le traitement est bas\u00e9 sur votre consentement explicite, que vous pouvez retirer \u00e0 tout moment.<\/p>\n<\/div>\n\n\n<hr class=\"wp-block-separator has-alpha-channel-opacity\"\/>\n\n\n\n<h2 class=\"wp-block-heading\">8. Modifications de la pr\u00e9sente politique<\/h2>\n\n\n<div class=\"wp-block-paragraph\">\n<p>Nous pouvons mettre \u00e0 jour la pr\u00e9sente politique en mati\u00e8re de cookies de temps \u00e0 autre pour refl\u00e9ter les changements technologiques ou r\u00e9glementaires. La version r\u00e9vis\u00e9e sera publi\u00e9e sur cette page avec une date de mise \u00e0 jour. <\/p>\n<\/div>\n\n\n<hr class=\"wp-block-separator has-alpha-channel-opacity\"\/>\n\n\n\n<h2 class=\"wp-block-heading\">9. Contactez nous<\/h2>\n\n\n<div class=\"wp-block-paragraph\">\n<p>Si vous avez des questions concernant notre utilisation des cookies, veuillez nous contacter.<\/p>\n<\/div>\n\n\n<h3 class=\"wp-block-heading\">Publieur Web<\/h3>\n\n\n<div class=\"wp-block-paragraph\">\n<p>Ce site est publi\u00e9 par :<br><strong>LABYRINTH BIDCO<\/strong><br>Entreprise fran\u00e7aise au capital de 121 557 723 euros<br>19 rue Martel, 75010 Paris, France<br>Enregistr\u00e9 au registre natiional des entreprises fran\u00e7aises sous le num\u00e9ro 900 657 354<\/p>\n<\/div>\n\n\n<h3 class=\"wp-block-heading\">Directeur de Publication<\/h3>\n\n\n<div class=\"wp-block-paragraph\">\n<p>Le Directeur de Publication est <strong>St\u00e9phane Levy,<\/strong> pr\u00e9sident de LABYRINTH BIDCO<\/p>\n<\/div>\n\n\n<h3 class=\"wp-block-heading\">Fournisseur d\u2019h\u00e9bergement de site Web<\/h3>\n\n\n<div class=\"wp-block-paragraph\">\n<p>Ce site web est h\u00e9berg\u00e9 par :<br>1000heads Pty Ltd<br>Suite 3.02, Level 3 414 Kent Street Sydney, NSW 2000 Australie<br>+61 2 9251 0491<\/p>\n<\/div>\n\n\n<h3 class=\"wp-block-heading\">Fournisseur d\u2019h\u00e9bergement de donn\u00e9es<\/h3>\n\n\n<div class=\"wp-block-paragraph\">\n<p>Les donn\u00e9es trait\u00e9es dans le cadre de ce site web sont h\u00e9berg\u00e9es par :<br>1000heads Pty Ltd<br>Suite 3.02, Level 3 414 Kent Street Sydney, NSW 2000 Australie<br>+61 2 9251 0491<\/p>\n<\/div>","protected":false},"excerpt":{"rendered":"<p>Derni\u00e8re mise \u00e0 jour : 15 avril 2025 1. Que sont les cookies ? Les cookies sont de petits fichiers texte plac\u00e9s sur votre appareil par les sites web que vous visitez. Ils permettent aux sites web de fonctionner correctement, d\u2019am\u00e9liorer l\u2019exp\u00e9rience de l\u2019utilisateur et de fournir des donn\u00e9es d\u2019utilisation \u00e0 des fins d\u2019analyse. 2. [&hellip;]<\/p>\n","protected":false},"author":32,"featured_media":0,"parent":0,"menu_order":78,"comment_status":"closed","ping_status":"closed","template":"page-simple.php","meta":{"_acf_changed":false,"footnotes":""},"class_list":["post-13944","page","type-page","status-publish","hentry"],"acf":[],"yoast_head":"<!-- This site is optimized with the Yoast SEO plugin v26.5 - https:\/\/yoast.com\/wordpress\/plugins\/seo\/ -->\n<title>Politique de cookies | Cosmo5<\/title>\n<meta name=\"description\" content=\"Read the Cosmo5 cookie policy and learn how we use cookies and similar technologies to improve user experience and measure site performance.\" \/>\n<meta name=\"robots\" content=\"noindex, follow, max-snippet:-1, max-image-preview:large, max-video-preview:-1\" \/>\n<meta property=\"og:locale\" content=\"fr_CA\" \/>\n<meta property=\"og:type\" content=\"article\" \/>\n<meta property=\"og:title\" content=\"Politique de cookies | Cosmo5\" \/>\n<meta property=\"og:description\" content=\"Read the Cosmo5 cookie policy and learn how we use cookies and similar technologies to improve user experience and measure site performance.\" \/>\n<meta property=\"og:url\" content=\"https:\/\/cosmo5.luke.1000headsdev.com\/fr-ca\/cookie-policy\/\" \/>\n<meta property=\"og:site_name\" content=\"Cosmo5\" \/>\n<meta property=\"article:modified_time\" content=\"2026-01-12T23:21:18+00:00\" \/>\n<meta name=\"twitter:card\" content=\"summary_large_image\" \/>\n<meta name=\"twitter:label1\" content=\"Estimation du temps de lecture\" \/>\n\t<meta name=\"twitter:data1\" content=\"3 minutes\" \/>\n<script type=\"application\/ld+json\" class=\"yoast-schema-graph\">{\"@context\":\"https:\/\/schema.org\",\"@graph\":[{\"@type\":\"WebPage\",\"@id\":\"https:\/\/cosmo5.luke.1000headsdev.com\/fr-ca\/cookie-policy\/\",\"url\":\"https:\/\/cosmo5.luke.1000headsdev.com\/fr-ca\/cookie-policy\/\",\"name\":\"Politique de cookies | Cosmo5\",\"isPartOf\":{\"@id\":\"https:\/\/cosmo5.luke.1000headsdev.com\/fr-ca\/#website\"},\"datePublished\":\"2025-12-05T17:17:27+00:00\",\"dateModified\":\"2026-01-12T23:21:18+00:00\",\"description\":\"Read the Cosmo5 cookie policy and learn how we use cookies and similar technologies to improve user experience and measure site performance.\",\"breadcrumb\":{\"@id\":\"https:\/\/cosmo5.luke.1000headsdev.com\/fr-ca\/cookie-policy\/#breadcrumb\"},\"inLanguage\":\"fr-CA\",\"potentialAction\":[{\"@type\":\"ReadAction\",\"target\":[\"https:\/\/cosmo5.luke.1000headsdev.com\/fr-ca\/cookie-policy\/\"]}]},{\"@type\":\"BreadcrumbList\",\"@id\":\"https:\/\/cosmo5.luke.1000headsdev.com\/fr-ca\/cookie-policy\/#breadcrumb\",\"itemListElement\":[{\"@type\":\"ListItem\",\"position\":1,\"name\":\"Home\",\"item\":\"https:\/\/cosmo5.luke.1000headsdev.com\/fr-ca\/\"},{\"@type\":\"ListItem\",\"position\":2,\"name\":\"Politique de cookies\"}]},{\"@type\":\"WebSite\",\"@id\":\"https:\/\/cosmo5.luke.1000headsdev.com\/fr-ca\/#website\",\"url\":\"https:\/\/cosmo5.luke.1000headsdev.com\/fr-ca\/\",\"name\":\"Cosmo5\",\"description\":\"\",\"publisher\":{\"@id\":\"https:\/\/cosmo5.luke.1000headsdev.com\/fr-ca\/#organization\"},\"potentialAction\":[{\"@type\":\"SearchAction\",\"target\":{\"@type\":\"EntryPoint\",\"urlTemplate\":\"https:\/\/cosmo5.luke.1000headsdev.com\/fr-ca\/?s={search_term_string}\"},\"query-input\":{\"@type\":\"PropertyValueSpecification\",\"valueRequired\":true,\"valueName\":\"search_term_string\"}}],\"inLanguage\":\"fr-CA\"},{\"@type\":\"Organization\",\"@id\":\"https:\/\/cosmo5.luke.1000headsdev.com\/fr-ca\/#organization\",\"name\":\"Cosmo5\",\"url\":\"https:\/\/cosmo5.luke.1000headsdev.com\/fr-ca\/\",\"logo\":{\"@type\":\"ImageObject\",\"inLanguage\":\"fr-CA\",\"@id\":\"https:\/\/cosmo5.luke.1000headsdev.com\/fr-ca\/#\/schema\/logo\/image\/\",\"url\":\"https:\/\/cosmo5.luke.1000headsdev.com\/wp-content\/uploads\/2025\/12\/c5_logo.svg\",\"contentUrl\":\"https:\/\/cosmo5.luke.1000headsdev.com\/wp-content\/uploads\/2025\/12\/c5_logo.svg\",\"caption\":\"Cosmo5\"},\"image\":{\"@id\":\"https:\/\/cosmo5.luke.1000headsdev.com\/fr-ca\/#\/schema\/logo\/image\/\"}}]}<\/script>\n<!-- \/ Yoast SEO plugin. -->","yoast_head_json":{"title":"Politique de cookies | Cosmo5","description":"Read the Cosmo5 cookie policy and learn how we use cookies and similar technologies to improve user experience and measure site performance.","robots":{"index":"noindex","follow":"follow","max-snippet":"max-snippet:-1","max-image-preview":"max-image-preview:large","max-video-preview":"max-video-preview:-1"},"og_locale":"fr_CA","og_type":"article","og_title":"Politique de cookies | Cosmo5","og_description":"Read the Cosmo5 cookie policy and learn how we use cookies and similar technologies to improve user experience and measure site performance.","og_url":"https:\/\/cosmo5.luke.1000headsdev.com\/fr-ca\/cookie-policy\/","og_site_name":"Cosmo5","article_modified_time":"2026-01-12T23:21:18+00:00","twitter_card":"summary_large_image","twitter_misc":{"Estimation du temps de lecture":"3 minutes"},"schema":{"@context":"https:\/\/schema.org","@graph":[{"@type":"WebPage","@id":"https:\/\/cosmo5.luke.1000headsdev.com\/fr-ca\/cookie-policy\/","url":"https:\/\/cosmo5.luke.1000headsdev.com\/fr-ca\/cookie-policy\/","name":"Politique de cookies | Cosmo5","isPartOf":{"@id":"https:\/\/cosmo5.luke.1000headsdev.com\/fr-ca\/#website"},"datePublished":"2025-12-05T17:17:27+00:00","dateModified":"2026-01-12T23:21:18+00:00","description":"Read the Cosmo5 cookie policy and learn how we use cookies and similar technologies to improve user experience and measure site performance.","breadcrumb":{"@id":"https:\/\/cosmo5.luke.1000headsdev.com\/fr-ca\/cookie-policy\/#breadcrumb"},"inLanguage":"fr-CA","potentialAction":[{"@type":"ReadAction","target":["https:\/\/cosmo5.luke.1000headsdev.com\/fr-ca\/cookie-policy\/"]}]},{"@type":"BreadcrumbList","@id":"https:\/\/cosmo5.luke.1000headsdev.com\/fr-ca\/cookie-policy\/#breadcrumb","itemListElement":[{"@type":"ListItem","position":1,"name":"Home","item":"https:\/\/cosmo5.luke.1000headsdev.com\/fr-ca\/"},{"@type":"ListItem","position":2,"name":"Politique de cookies"}]},{"@type":"WebSite","@id":"https:\/\/cosmo5.luke.1000headsdev.com\/fr-ca\/#website","url":"https:\/\/cosmo5.luke.1000headsdev.com\/fr-ca\/","name":"Cosmo5","description":"","publisher":{"@id":"https:\/\/cosmo5.luke.1000headsdev.com\/fr-ca\/#organization"},"potentialAction":[{"@type":"SearchAction","target":{"@type":"EntryPoint","urlTemplate":"https:\/\/cosmo5.luke.1000headsdev.com\/fr-ca\/?s={search_term_string}"},"query-input":{"@type":"PropertyValueSpecification","valueRequired":true,"valueName":"search_term_string"}}],"inLanguage":"fr-CA"},{"@type":"Organization","@id":"https:\/\/cosmo5.luke.1000headsdev.com\/fr-ca\/#organization","name":"Cosmo5","url":"https:\/\/cosmo5.luke.1000headsdev.com\/fr-ca\/","logo":{"@type":"ImageObject","inLanguage":"fr-CA","@id":"https:\/\/cosmo5.luke.1000headsdev.com\/fr-ca\/#\/schema\/logo\/image\/","url":"https:\/\/cosmo5.luke.1000headsdev.com\/wp-content\/uploads\/2025\/12\/c5_logo.svg","contentUrl":"https:\/\/cosmo5.luke.1000headsdev.com\/wp-content\/uploads\/2025\/12\/c5_logo.svg","caption":"Cosmo5"},"image":{"@id":"https:\/\/cosmo5.luke.1000headsdev.com\/fr-ca\/#\/schema\/logo\/image\/"}}]}},"_links":{"self":[{"href":"https:\/\/cosmo5.luke.1000headsdev.com\/fr-ca\/wp-json\/wp\/v2\/pages\/13944","targetHints":{"allow":["GET"]}}],"collection":[{"href":"https:\/\/cosmo5.luke.1000headsdev.com\/fr-ca\/wp-json\/wp\/v2\/pages"}],"about":[{"href":"https:\/\/cosmo5.luke.1000headsdev.com\/fr-ca\/wp-json\/wp\/v2\/types\/page"}],"author":[{"embeddable":true,"href":"https:\/\/cosmo5.luke.1000headsdev.com\/fr-ca\/wp-json\/wp\/v2\/users\/32"}],"replies":[{"embeddable":true,"href":"https:\/\/cosmo5.luke.1000headsdev.com\/fr-ca\/wp-json\/wp\/v2\/comments?post=13944"}],"version-history":[{"count":8,"href":"https:\/\/cosmo5.luke.1000headsdev.com\/fr-ca\/wp-json\/wp\/v2\/pages\/13944\/revisions"}],"predecessor-version":[{"id":21317,"href":"https:\/\/cosmo5.luke.1000headsdev.com\/fr-ca\/wp-json\/wp\/v2\/pages\/13944\/revisions\/21317"}],"wp:attachment":[{"href":"https:\/\/cosmo5.luke.1000headsdev.com\/fr-ca\/wp-json\/wp\/v2\/media?parent=13944"}],"curies":[{"name":"wp","href":"https:\/\/api.w.org\/{rel}","templated":true}]}}