{"id":8362,"date":"2025-12-05T17:10:56","date_gmt":"2025-12-05T17:10:56","guid":{"rendered":"https:\/\/c5-staging.1000headsdev.com\/conditions-dutilisation\/"},"modified":"2026-01-13T13:20:36","modified_gmt":"2026-01-13T13:20:36","slug":"terms-of-use","status":"publish","type":"page","link":"https:\/\/cosmo5.luke.1000headsdev.com\/fr-fr\/terms-of-use\/","title":{"rendered":"Conditions d&rsquo;utilisation"},"content":{"rendered":"\r\n<section  class=\"page-hero-banner hero-banner-mode no-bg\">\r\n\t<div class=\"container-fluid\">\r\n\t\t<div class=\"blob five\"><\/div>\r\n\t\t<div class=\"hero-banner-container no-gradient\">\r\n\t\t\t<div class=\"hero-banner-content\">\r\n\t\t\t\t<div class=\"banner-main-content\">\r\n\t\t\t\t\t<div class=\"banner-left\">\r\n\t\t\t\t\t\t<nav class=\"banner-breadcrumb\"><span><span><a href=\"https:\/\/cosmo5.luke.1000headsdev.com\/fr-fr\/\">Home<\/a><\/span><\/span><\/nav>\t\t\t\t\t\t\t\t\t\t\t\t\t<h1 id=\"page-title\" class=\"banner-headline\">\r\n\t\t\t\t\t\t\t\tTerms of Use\t\t\t\t\t\t\t<\/h1>\r\n\t\t\t\t\t\t\t\t\t\t\t\t\t\t\t\t\t<\/div>\r\n\r\n\t\t\t\t\t\t\t\t\t<\/div>\r\n\t\t\t<\/div>\r\n\r\n\t\t\t<div class=\"hero-observer-sentinel\" aria-hidden=\"true\"><\/div>\r\n\t\t<\/div>\r\n\t<\/div>\r\n<\/section>\n<h2 class=\"wp-block-heading\">R\u00e9sum\u00e9<\/h2>\n<div class=\"wp-block-paragraph\">\n<p>Derni\u00e8re mise \u00e0 jour : 15 avril 2025<\/p>\n<\/div>\n<h2 class=\"wp-block-heading\">1. Acceptation des conditions<\/h2>\n<div class=\"wp-block-paragraph\">\n<p>En acc\u00e9dant \u00e0 ce site web et en l\u2019utilisant, vous acceptez d\u2019\u00eatre li\u00e9 par les pr\u00e9sentes conditions d\u2019utilisation et par notre politique de confidentialit\u00e9. Si vous n\u2019\u00eates pas d\u2019accord, veuillez ne pas utiliser le site web. <\/p>\n<\/div>\n<h2 class=\"wp-block-heading\">2. Modifications des conditions<\/h2>\n<div class=\"wp-block-paragraph\">\n<p>Cosmo5 se r\u00e9serve le droit de mettre \u00e0 jour ou de modifier ces conditions \u00e0 tout moment et sans pr\u00e9avis. La poursuite de l\u2019utilisation du site web apr\u00e8s toute modification constitue l\u2019acceptation de ces modifications. <\/p>\n<\/div>\n<h2 class=\"wp-block-heading\">3. Utilisation du contenu<\/h2>\n<div class=\"wp-block-paragraph\">\n<p>Tout le contenu de ce site Web est fourni \u00e0 titre d\u2019information g\u00e9n\u00e9rale uniquement. Vous ne pouvez pas copier, distribuer ou exploiter commercialement le contenu sans l\u2019autorisation \u00e9crite de Cosmo5. <\/p>\n<\/div>\n<h2 class=\"wp-block-heading\">4. Comportement de l\u2019utilisateur<\/h2>\n<div class=\"wp-block-paragraph\">\n<p>Vous acceptez de ne pas utiliser le site Web d\u2019une mani\u00e8re susceptible de causer des dommages, des perturbations ou des pr\u00e9judices \u00e0 Cosmo5, \u00e0 d\u2019autres utilisateurs ou au grand public. Les utilisations ill\u00e9gales ou interdites comprennent, sans s\u2019y limiter, la transmission de codes nuisibles, de spams ou de contenus qui enfreignent les droits de propri\u00e9t\u00e9 intellectuelle. <\/p>\n<\/div>\n<h2 class=\"wp-block-heading\">5. Liens avec des tiers<\/h2>\n<div class=\"wp-block-paragraph\">\n<p>Ce site web peut contenir des liens vers des sites web de tiers pour votre commodit\u00e9. Cosmo5 n\u2019approuve pas et n\u2019est pas responsable du contenu ou de la disponibilit\u00e9 de ces sites externes. <\/p>\n<\/div>\n<h2 class=\"wp-block-heading\">6. Propri\u00e9t\u00e9 intellectuelle<\/h2>\n<div class=\"wp-block-paragraph\">\n<p>Toutes les marques, tous les logos et tout le contenu de ce site Web sont la propri\u00e9t\u00e9 de Cosmo5 ou de ses conc\u00e9dants de licence. Vous n\u2019\u00eates pas autoris\u00e9 \u00e0 utiliser, reproduire ou distribuer tout contenu sans autorisation \u00e9crite expresse. <\/p>\n<\/div>\n<h2 class=\"wp-block-heading\">7. Limitation de la responsabilit\u00e9<\/h2>\n<div class=\"wp-block-paragraph\">\n<p>Dans les limites autoris\u00e9es par la loi, Cosmo5 ne sera pas responsable des dommages directs, indirects, accessoires ou cons\u00e9cutifs r\u00e9sultant de l\u2019utilisation ou de l\u2019impossibilit\u00e9 d\u2019utiliser le site web.<\/p>\n<\/div>\n<h2 class=\"wp-block-heading\">8. Exclusion de garantie<\/h2>\n<div class=\"wp-block-paragraph\">\n<p>Ce site web est fourni \u00ab en l\u2019\u00e9tat \u00bb et \u00ab tel que disponible \u00bb sans garantie d\u2019aucune sorte. Cosmo5 ne garantit pas que le site sera ininterrompu, s\u00e9curis\u00e9 ou exempt d\u2019erreurs. <\/p>\n<\/div>\n<h2 class=\"wp-block-heading\">9. Droit applicable<\/h2>\n<div class=\"wp-block-paragraph\">\n<p>Les pr\u00e9sentes conditions d\u2019utilisation sont r\u00e9gies par les lois de la Nouvelle-Galles du Sud, en Australie. Tout litige sera r\u00e9solu par les tribunaux situ\u00e9s en Nouvelle-Galles du Sud. <\/p>\n<\/div>\n<h2 class=\"wp-block-heading\">10. Informations sur les contacts<\/h2>\n<div class=\"wp-block-paragraph\">\n<p>Si vous avez des questions concernant les pr\u00e9sentes conditions d\u2019utilisation, veuillez nous contacter.<\/p>\n<\/div>\n<h3 class=\"wp-block-heading\">Publieur Web<\/h3>\n<div class=\"wp-block-paragraph\">\n<p>Ce site est publi\u00e9 par :<br\/><strong>LABYRINTH BIDCO<\/strong><br\/>Entreprise fran\u00e7aise au capital de 121 557 723 euros<br\/>19 rue Martel, 75010 Paris, France<br\/>Enregistr\u00e9 au registre natiional des entreprises fran\u00e7aises sous le num\u00e9ro 900 657 354<\/p>\n<\/div>\n<h3 class=\"wp-block-heading\">Directeur de Publication<\/h3>\n<div class=\"wp-block-paragraph\">\n<p>Le Directeur de Publication est <strong>St\u00e9phane Levy,<\/strong> pr\u00e9sident de LABYRINTH BIDCO<\/p>\n<\/div>\n<h3 class=\"wp-block-heading\">Fournisseur d\u2019h\u00e9bergement de site Web<\/h3>\n<div class=\"wp-block-paragraph\">\n<p>Ce site web est h\u00e9berg\u00e9 par :<br\/>1000heads Pty Ltd<br\/>Suite 3.02, Level 3 414 Kent Street Sydney, NSW 2000 Australie<br\/>+61 2 9251 0491<\/p>\n<\/div>\n<h3 class=\"wp-block-heading\">Fournisseur d\u2019h\u00e9bergement de donn\u00e9es<\/h3>\n<div class=\"wp-block-paragraph\">\n<p>Les donn\u00e9es trait\u00e9es dans le cadre de ce site web sont h\u00e9berg\u00e9es par :<br\/>1000heads Pty Ltd<br\/>Suite 3.02, Level 3 414 Kent Street Sydney, NSW 2000 Australie<br\/>+61 2 9251 0491<\/p>\n<\/div><div class=\"wp-block-paragraph\">\n<p><\/p>\n<\/div>","protected":false},"excerpt":{"rendered":"<p>R\u00e9sum\u00e9 Derni\u00e8re mise \u00e0 jour : 15 avril 2025 1. Acceptation des conditions En acc\u00e9dant \u00e0 ce site web et en l\u2019utilisant, vous acceptez d\u2019\u00eatre li\u00e9 par les pr\u00e9sentes conditions d\u2019utilisation et par notre politique de confidentialit\u00e9. Si vous n\u2019\u00eates pas d\u2019accord, veuillez ne pas utiliser le site web. 2. Modifications des conditions Cosmo5 se [&hellip;]<\/p>\n","protected":false},"author":32,"featured_media":0,"parent":0,"menu_order":54,"comment_status":"closed","ping_status":"closed","template":"page-simple.php","meta":{"_acf_changed":false,"footnotes":""},"class_list":["post-8362","page","type-page","status-publish","hentry"],"acf":[],"yoast_head":"<!-- This site is optimized with the Yoast SEO plugin v26.5 - https:\/\/yoast.com\/wordpress\/plugins\/seo\/ -->\n<title>Conditions d&#039;utilisation | Cosmo5<\/title>\n<meta name=\"description\" content=\"D\u00e9couvrez comment Cosmo5 con\u00e7oit des tableaux de bord strat\u00e9giques pour connecter KPI, parcours clients et performances m\u00e9dias, et convertir les donn\u00e9es en d\u00e9cisions exploitables.\" \/>\n<meta name=\"robots\" content=\"noindex, follow, max-snippet:-1, max-image-preview:large, max-video-preview:-1\" \/>\n<meta property=\"og:locale\" content=\"fr_FR\" \/>\n<meta property=\"og:type\" content=\"article\" \/>\n<meta property=\"og:title\" content=\"Conditions d&#039;utilisation | Cosmo5\" \/>\n<meta property=\"og:description\" content=\"D\u00e9couvrez comment Cosmo5 con\u00e7oit des tableaux de bord strat\u00e9giques pour connecter KPI, parcours clients et performances m\u00e9dias, et convertir les donn\u00e9es en d\u00e9cisions exploitables.\" \/>\n<meta property=\"og:url\" content=\"https:\/\/cosmo5.luke.1000headsdev.com\/fr-fr\/terms-of-use\/\" \/>\n<meta property=\"og:site_name\" content=\"Cosmo5\" \/>\n<meta property=\"article:modified_time\" content=\"2026-01-13T13:20:36+00:00\" \/>\n<meta name=\"twitter:card\" content=\"summary_large_image\" \/>\n<meta name=\"twitter:label1\" content=\"Dur\u00e9e de lecture estim\u00e9e\" \/>\n\t<meta name=\"twitter:data1\" content=\"3 minutes\" \/>\n<script type=\"application\/ld+json\" class=\"yoast-schema-graph\">{\"@context\":\"https:\/\/schema.org\",\"@graph\":[{\"@type\":\"WebPage\",\"@id\":\"https:\/\/cosmo5.luke.1000headsdev.com\/fr-fr\/terms-of-use\/\",\"url\":\"https:\/\/cosmo5.luke.1000headsdev.com\/fr-fr\/terms-of-use\/\",\"name\":\"Conditions d'utilisation | Cosmo5\",\"isPartOf\":{\"@id\":\"https:\/\/cosmo5.luke.1000headsdev.com\/fr-fr\/#website\"},\"datePublished\":\"2025-12-05T17:10:56+00:00\",\"dateModified\":\"2026-01-13T13:20:36+00:00\",\"description\":\"D\u00e9couvrez comment Cosmo5 con\u00e7oit des tableaux de bord strat\u00e9giques pour connecter KPI, parcours clients et performances m\u00e9dias, et convertir les donn\u00e9es en d\u00e9cisions exploitables.\",\"breadcrumb\":{\"@id\":\"https:\/\/cosmo5.luke.1000headsdev.com\/fr-fr\/terms-of-use\/#breadcrumb\"},\"inLanguage\":\"fr-FR\",\"potentialAction\":[{\"@type\":\"ReadAction\",\"target\":[\"https:\/\/cosmo5.luke.1000headsdev.com\/fr-fr\/terms-of-use\/\"]}]},{\"@type\":\"BreadcrumbList\",\"@id\":\"https:\/\/cosmo5.luke.1000headsdev.com\/fr-fr\/terms-of-use\/#breadcrumb\",\"itemListElement\":[{\"@type\":\"ListItem\",\"position\":1,\"name\":\"Home\",\"item\":\"https:\/\/cosmo5.luke.1000headsdev.com\/fr-fr\/\"},{\"@type\":\"ListItem\",\"position\":2,\"name\":\"Conditions d&#8217;utilisation\"}]},{\"@type\":\"WebSite\",\"@id\":\"https:\/\/cosmo5.luke.1000headsdev.com\/fr-fr\/#website\",\"url\":\"https:\/\/cosmo5.luke.1000headsdev.com\/fr-fr\/\",\"name\":\"Cosmo5\",\"description\":\"\",\"publisher\":{\"@id\":\"https:\/\/cosmo5.luke.1000headsdev.com\/fr-fr\/#organization\"},\"potentialAction\":[{\"@type\":\"SearchAction\",\"target\":{\"@type\":\"EntryPoint\",\"urlTemplate\":\"https:\/\/cosmo5.luke.1000headsdev.com\/fr-fr\/?s={search_term_string}\"},\"query-input\":{\"@type\":\"PropertyValueSpecification\",\"valueRequired\":true,\"valueName\":\"search_term_string\"}}],\"inLanguage\":\"fr-FR\"},{\"@type\":\"Organization\",\"@id\":\"https:\/\/cosmo5.luke.1000headsdev.com\/fr-fr\/#organization\",\"name\":\"Cosmo5\",\"url\":\"https:\/\/cosmo5.luke.1000headsdev.com\/fr-fr\/\",\"logo\":{\"@type\":\"ImageObject\",\"inLanguage\":\"fr-FR\",\"@id\":\"https:\/\/cosmo5.luke.1000headsdev.com\/fr-fr\/#\/schema\/logo\/image\/\",\"url\":\"https:\/\/cosmo5.luke.1000headsdev.com\/wp-content\/uploads\/2025\/12\/c5_logo.svg\",\"contentUrl\":\"https:\/\/cosmo5.luke.1000headsdev.com\/wp-content\/uploads\/2025\/12\/c5_logo.svg\",\"caption\":\"Cosmo5\"},\"image\":{\"@id\":\"https:\/\/cosmo5.luke.1000headsdev.com\/fr-fr\/#\/schema\/logo\/image\/\"}}]}<\/script>\n<!-- \/ Yoast SEO plugin. -->","yoast_head_json":{"title":"Conditions d'utilisation | Cosmo5","description":"D\u00e9couvrez comment Cosmo5 con\u00e7oit des tableaux de bord strat\u00e9giques pour connecter KPI, parcours clients et performances m\u00e9dias, et convertir les donn\u00e9es en d\u00e9cisions exploitables.","robots":{"index":"noindex","follow":"follow","max-snippet":"max-snippet:-1","max-image-preview":"max-image-preview:large","max-video-preview":"max-video-preview:-1"},"og_locale":"fr_FR","og_type":"article","og_title":"Conditions d'utilisation | Cosmo5","og_description":"D\u00e9couvrez comment Cosmo5 con\u00e7oit des tableaux de bord strat\u00e9giques pour connecter KPI, parcours clients et performances m\u00e9dias, et convertir les donn\u00e9es en d\u00e9cisions exploitables.","og_url":"https:\/\/cosmo5.luke.1000headsdev.com\/fr-fr\/terms-of-use\/","og_site_name":"Cosmo5","article_modified_time":"2026-01-13T13:20:36+00:00","twitter_card":"summary_large_image","twitter_misc":{"Dur\u00e9e de lecture estim\u00e9e":"3 minutes"},"schema":{"@context":"https:\/\/schema.org","@graph":[{"@type":"WebPage","@id":"https:\/\/cosmo5.luke.1000headsdev.com\/fr-fr\/terms-of-use\/","url":"https:\/\/cosmo5.luke.1000headsdev.com\/fr-fr\/terms-of-use\/","name":"Conditions d'utilisation | Cosmo5","isPartOf":{"@id":"https:\/\/cosmo5.luke.1000headsdev.com\/fr-fr\/#website"},"datePublished":"2025-12-05T17:10:56+00:00","dateModified":"2026-01-13T13:20:36+00:00","description":"D\u00e9couvrez comment Cosmo5 con\u00e7oit des tableaux de bord strat\u00e9giques pour connecter KPI, parcours clients et performances m\u00e9dias, et convertir les donn\u00e9es en d\u00e9cisions exploitables.","breadcrumb":{"@id":"https:\/\/cosmo5.luke.1000headsdev.com\/fr-fr\/terms-of-use\/#breadcrumb"},"inLanguage":"fr-FR","potentialAction":[{"@type":"ReadAction","target":["https:\/\/cosmo5.luke.1000headsdev.com\/fr-fr\/terms-of-use\/"]}]},{"@type":"BreadcrumbList","@id":"https:\/\/cosmo5.luke.1000headsdev.com\/fr-fr\/terms-of-use\/#breadcrumb","itemListElement":[{"@type":"ListItem","position":1,"name":"Home","item":"https:\/\/cosmo5.luke.1000headsdev.com\/fr-fr\/"},{"@type":"ListItem","position":2,"name":"Conditions d&#8217;utilisation"}]},{"@type":"WebSite","@id":"https:\/\/cosmo5.luke.1000headsdev.com\/fr-fr\/#website","url":"https:\/\/cosmo5.luke.1000headsdev.com\/fr-fr\/","name":"Cosmo5","description":"","publisher":{"@id":"https:\/\/cosmo5.luke.1000headsdev.com\/fr-fr\/#organization"},"potentialAction":[{"@type":"SearchAction","target":{"@type":"EntryPoint","urlTemplate":"https:\/\/cosmo5.luke.1000headsdev.com\/fr-fr\/?s={search_term_string}"},"query-input":{"@type":"PropertyValueSpecification","valueRequired":true,"valueName":"search_term_string"}}],"inLanguage":"fr-FR"},{"@type":"Organization","@id":"https:\/\/cosmo5.luke.1000headsdev.com\/fr-fr\/#organization","name":"Cosmo5","url":"https:\/\/cosmo5.luke.1000headsdev.com\/fr-fr\/","logo":{"@type":"ImageObject","inLanguage":"fr-FR","@id":"https:\/\/cosmo5.luke.1000headsdev.com\/fr-fr\/#\/schema\/logo\/image\/","url":"https:\/\/cosmo5.luke.1000headsdev.com\/wp-content\/uploads\/2025\/12\/c5_logo.svg","contentUrl":"https:\/\/cosmo5.luke.1000headsdev.com\/wp-content\/uploads\/2025\/12\/c5_logo.svg","caption":"Cosmo5"},"image":{"@id":"https:\/\/cosmo5.luke.1000headsdev.com\/fr-fr\/#\/schema\/logo\/image\/"}}]}},"_links":{"self":[{"href":"https:\/\/cosmo5.luke.1000headsdev.com\/fr-fr\/wp-json\/wp\/v2\/pages\/8362","targetHints":{"allow":["GET"]}}],"collection":[{"href":"https:\/\/cosmo5.luke.1000headsdev.com\/fr-fr\/wp-json\/wp\/v2\/pages"}],"about":[{"href":"https:\/\/cosmo5.luke.1000headsdev.com\/fr-fr\/wp-json\/wp\/v2\/types\/page"}],"author":[{"embeddable":true,"href":"https:\/\/cosmo5.luke.1000headsdev.com\/fr-fr\/wp-json\/wp\/v2\/users\/32"}],"replies":[{"embeddable":true,"href":"https:\/\/cosmo5.luke.1000headsdev.com\/fr-fr\/wp-json\/wp\/v2\/comments?post=8362"}],"version-history":[{"count":7,"href":"https:\/\/cosmo5.luke.1000headsdev.com\/fr-fr\/wp-json\/wp\/v2\/pages\/8362\/revisions"}],"predecessor-version":[{"id":19428,"href":"https:\/\/cosmo5.luke.1000headsdev.com\/fr-fr\/wp-json\/wp\/v2\/pages\/8362\/revisions\/19428"}],"wp:attachment":[{"href":"https:\/\/cosmo5.luke.1000headsdev.com\/fr-fr\/wp-json\/wp\/v2\/media?parent=8362"}],"curies":[{"name":"wp","href":"https:\/\/api.w.org\/{rel}","templated":true}]}}