{"id":11662,"date":"2025-12-05T17:17:27","date_gmt":"2025-12-05T17:17:27","guid":{"rendered":"https:\/\/c5-staging.1000headsdev.com\/cookie-policy\/"},"modified":"2025-12-31T05:54:19","modified_gmt":"2025-12-31T05:54:19","slug":"cookie-policy","status":"publish","type":"page","link":"https:\/\/cosmo5.luke.1000headsdev.com\/pt-pt\/cookie-policy\/","title":{"rendered":"Pol\u00edtica de Cookies"},"content":{"rendered":"\r\n<section  class=\"page-hero-banner hero-banner-mode no-bg\">\r\n\t<div class=\"container-fluid\">\r\n\t\t<div class=\"blob five\"><\/div>\r\n\t\t<div class=\"hero-banner-container no-gradient\">\r\n\t\t\t<div class=\"hero-banner-content\">\r\n\t\t\t\t<div class=\"banner-main-content\">\r\n\t\t\t\t\t<div class=\"banner-left\">\r\n\t\t\t\t\t\t<nav class=\"banner-breadcrumb\"><span><span><a href=\"https:\/\/cosmo5.luke.1000headsdev.com\/pt-pt\/\">Home<\/a><\/span><\/span><\/nav>\t\t\t\t\t\t\t\t\t\t\t\t\t<h1 id=\"page-title\" class=\"banner-headline\">\r\n\t\t\t\t\t\t\t\tPol\u00edtica de Cookies\t\t\t\t\t\t\t<\/h1>\r\n\t\t\t\t\t\t\t\t\t\t\t\t\t\t\t\t\t<\/div>\r\n\r\n\t\t\t\t\t\t\t\t\t<\/div>\r\n\t\t\t<\/div>\r\n\r\n\t\t\t<div class=\"hero-observer-sentinel\" aria-hidden=\"true\"><\/div>\r\n\t\t<\/div>\r\n\t<\/div>\r\n<\/section><div class=\"wp-block-paragraph\">\n<p>\u00daltima atualiza\u00e7\u00e3o: 15 de abril de 2025<\/p>\n<\/div>\n<h2 class=\"wp-block-heading\">1. O Que S\u00e3o Cookies?<\/h2>\n<div class=\"wp-block-paragraph\">\n<p>Os cookies s\u00e3o pequenos ficheiros de texto colocados no seu dispositivo pelos websites que visita. Permitem que os websites funcionem corretamente, melhoram a experi\u00eancia do utilizador e fornecem dados de utiliza\u00e7\u00e3o para an\u00e1lise. <\/p>\n<\/div>\n<hr class=\"wp-block-separator has-alpha-channel-opacity\"\/>\n\n<h2 class=\"wp-block-heading\">2. Como Utilizamos os Cookies<\/h2>\n<div class=\"wp-block-paragraph\">\n<p>A Cosmo5 utiliza cookies para:<\/p>\n<\/div>\n<ul class=\"wp-block-list\">\n<li>Recordar as suas prefer\u00eancias e defini\u00e7\u00f5es<\/li>\n\n\n\n<li>Melhorar o desempenho e a funcionalidade do website<\/li>\n\n\n\n<li>Analisar o tr\u00e1fego e as tend\u00eancias de utiliza\u00e7\u00e3o<\/li>\n\n\n\n<li>Fornecer conte\u00fado de marketing relevante<\/li>\n<\/ul>\n\n<hr class=\"wp-block-separator has-alpha-channel-opacity\"\/>\n\n<h2 class=\"wp-block-heading\">3. Tipos de Cookies Que Utilizamos<\/h2>\n\n<ul class=\"wp-block-list\">\n<li><strong>Cookies Essenciais<\/strong>: Necess\u00e1rios para a funcionalidade b\u00e1sica do site (n\u00e3o podem ser desativados).<\/li>\n\n\n\n<li><strong>Cookies de Desempenho<\/strong>: Ajudam-nos a compreender como os visitantes interagem com o site (por exemplo, an\u00e1lises).<\/li>\n\n\n\n<li><strong>Cookies de Funcionalidade<\/strong>: Recordam as prefer\u00eancias e escolhas do utilizador.<\/li>\n\n\n\n<li><strong>Cookies de Marketing<\/strong>: Rastreiam a atividade do utilizador para fornecer publicidade direcionada.<\/li>\n<\/ul>\n<div class=\"wp-block-paragraph\">\n<p>Para cada categoria (exceto os essenciais), o seu consentimento \u00e9 necess\u00e1rio antes que os cookies sejam colocados.<\/p>\n<\/div>\n<hr class=\"wp-block-separator has-alpha-channel-opacity\"\/>\n\n<h2 class=\"wp-block-heading\">4. Cookies de Terceiros<\/h2>\n<div class=\"wp-block-paragraph\">\n<p>Podemos utilizar cookies de terceiros fornecidos por parceiros de confian\u00e7a (por exemplo, Google Analytics, Meta Pixel) para nos ajudar a medir e otimizar o desempenho.<br\/>Estes fornecedores podem processar dados fora do Espa\u00e7o Econ\u00f3mico Europeu. Quando este for o caso, s\u00e3o aplicadas salvaguardas adequadas (como Cl\u00e1usulas Contratuais Padr\u00e3o).<br\/>Para mais detalhes, consulte as respetivas pol\u00edticas de privacidade: <\/p>\n<\/div>\n<ul class=\"wp-block-list\">\n<li><a href=\"https:\/\/policies.google.com\/privacy\">Google<\/a><\/li>\n\n\n\n<li><a href=\"https:\/\/www.facebook.com\/privacy\/policy\/?entry_point=data_policy_redirect&#038;entry=0\">Meta<\/a><\/li>\n<\/ul>\n\n<hr class=\"wp-block-separator has-alpha-channel-opacity\"\/>\n\n<h2 class=\"wp-block-heading\">5. Dura\u00e7\u00e3o dos Cookies<\/h2>\n\n<ul class=\"wp-block-list\">\n<li>Os cookies de sess\u00e3o s\u00e3o eliminados quando fecha o seu browser.<\/li>\n\n\n\n<li>Os cookies persistentes permanecem no seu dispositivo por um m\u00e1ximo de <strong>13 meses<\/strong> (ap\u00f3s os quais s\u00e3o automaticamente eliminados ou anonimizados).<\/li>\n<\/ul>\n\n<hr class=\"wp-block-separator has-alpha-channel-opacity\"\/>\n\n<h2 class=\"wp-block-heading\">6. Como Controlar os Cookies<\/h2>\n<div class=\"wp-block-paragraph\">\n<p>Quando visita o nosso site pela primeira vez, ver\u00e1 um banner de cookies que lhe permite:<\/p>\n<\/div>\n<ul class=\"wp-block-list\">\n<li>Aceitar todos os cookies<\/li>\n\n\n\n<li>Recusar todos os cookies n\u00e3o essenciais<\/li>\n\n\n\n<li>Personalizar as suas prefer\u00eancias por categoria<\/li>\n<\/ul>\n<div class=\"wp-block-paragraph\">\n<p>Pode alterar ou retirar o seu consentimento a qualquer momento atrav\u00e9s da liga\u00e7\u00e3o <strong>\u201cDefini\u00e7\u00f5es de Cookies\u201d<\/strong> dispon\u00edvel na parte inferior do nosso site.<\/p>\n<\/div><div class=\"wp-block-paragraph\">\n<p>Tamb\u00e9m pode gerir os cookies diretamente atrav\u00e9s das defini\u00e7\u00f5es do seu browser, embora isto possa afetar a sua experi\u00eancia de navega\u00e7\u00e3o.<\/p>\n<\/div>\n<hr class=\"wp-block-separator has-alpha-channel-opacity\"\/>\n\n<h2 class=\"wp-block-heading\">7. Base Legal para o Processamento<\/h2>\n<div class=\"wp-block-paragraph\">\n<p>Para os cookies essenciais, o processamento baseia-se no nosso interesse leg\u00edtimo em garantir a funcionalidade do website.<br\/>Para todos os outros cookies, o processamento baseia-se no seu consentimento expl\u00edcito, que pode retirar a qualquer momento.<\/p>\n<\/div>\n<hr class=\"wp-block-separator has-alpha-channel-opacity\"\/>\n\n<h2 class=\"wp-block-heading\">8. Altera\u00e7\u00f5es a Esta Pol\u00edtica<\/h2>\n<div class=\"wp-block-paragraph\">\n<p>Podemos atualizar esta Pol\u00edtica de Cookies periodicamente para refletir altera\u00e7\u00f5es na tecnologia ou nos regulamentos. A vers\u00e3o revista ser\u00e1 publicada nesta p\u00e1gina com uma data atualizada. <\/p>\n<\/div>\n<hr class=\"wp-block-separator has-alpha-channel-opacity\"\/>\n\n<h2 class=\"wp-block-heading\">9. Contacte-nos<\/h2>\n<div class=\"wp-block-paragraph\">\n<p>Se tiver alguma quest\u00e3o sobre a nossa utiliza\u00e7\u00e3o de cookies, contacte-nos.<\/p>\n<\/div>\n<h3 class=\"wp-block-heading\">Editor do Website<\/h3>\n<div class=\"wp-block-paragraph\">\n<p>Este website \u00e9 publicado por:<br\/><strong>LABYRINTH BIDCO<\/strong><br\/>Empresa francesa com um capital de 121 557 723 euros<br\/>19 rue Martel, 75010 Paris, Fran\u00e7a<br\/>Inscrita no Registo Nacional de Empresas franc\u00eas (Registre national des entreprises) sob o n\u00famero 900 657 354<\/p>\n<\/div>\n<h3 class=\"wp-block-heading\">Diretor de Publica\u00e7\u00e3o<\/h3>\n<div class=\"wp-block-paragraph\">\n<p>O diretor de publica\u00e7\u00e3o \u00e9 <strong>St\u00e9phane Levy<\/strong>, presidente da LABYRINTH BIDCO<\/p>\n<\/div>\n<h3 class=\"wp-block-heading\">Fornecedor de Alojamento do Website<\/h3>\n<div class=\"wp-block-paragraph\">\n<p>Este website \u00e9 alojado por:<br\/>1000heads Pty Ltd<br\/>Suite 3.02, Level 3 414 Kent Street Sydney, NSW 2000 Australia<br\/>+61 2 9251 0491<\/p>\n<\/div>\n<h3 class=\"wp-block-heading\">Fornecedor de Alojamento de Dados<\/h3>\n<div class=\"wp-block-paragraph\">\n<p>Os dados processados neste website s\u00e3o alojados por:<br\/>1000heads Pty Ltd<br\/>Suite 3.02, Level 3 414 Kent Street Sydney, NSW 2000 Australia<br\/>+61 2 9251 0491<\/p>\n<\/div>","protected":false},"excerpt":{"rendered":"<p>\u00daltima atualiza\u00e7\u00e3o: 15 de abril de 2025 1. O Que S\u00e3o Cookies? Os cookies s\u00e3o pequenos ficheiros de texto colocados no seu dispositivo pelos websites que visita. Permitem que os websites funcionem corretamente, melhoram a experi\u00eancia do utilizador e fornecem dados de utiliza\u00e7\u00e3o para an\u00e1lise. 2. Como Utilizamos os Cookies A Cosmo5 utiliza cookies para: [&hellip;]<\/p>\n","protected":false},"author":32,"featured_media":0,"parent":0,"menu_order":78,"comment_status":"closed","ping_status":"closed","template":"page-simple.php","meta":{"_acf_changed":false,"footnotes":""},"class_list":["post-11662","page","type-page","status-publish","hentry"],"acf":[],"yoast_head":"<!-- This site is optimized with the Yoast SEO plugin v26.5 - https:\/\/yoast.com\/wordpress\/plugins\/seo\/ -->\n<title>Pol\u00edtica de Cookies | Cosmo5<\/title>\n<meta name=\"description\" content=\"Leia a pol\u00edtica de cookies da Cosmo5 e saiba como utilizamos cookies e tecnologias semelhantes para melhorar a experi\u00eancia do utilizador e medir o desempenho do site.\" \/>\n<meta name=\"robots\" content=\"noindex, follow, max-snippet:-1, max-image-preview:large, max-video-preview:-1\" \/>\n<meta property=\"og:locale\" content=\"pt_PT\" \/>\n<meta property=\"og:type\" content=\"article\" \/>\n<meta property=\"og:title\" content=\"Pol\u00edtica de Cookies | Cosmo5\" \/>\n<meta property=\"og:description\" content=\"Leia a pol\u00edtica de cookies da Cosmo5 e saiba como utilizamos cookies e tecnologias semelhantes para melhorar a experi\u00eancia do utilizador e medir o desempenho do site.\" \/>\n<meta property=\"og:url\" content=\"https:\/\/cosmo5.luke.1000headsdev.com\/pt-pt\/cookie-policy\/\" \/>\n<meta property=\"og:site_name\" content=\"Cosmo5\" \/>\n<meta property=\"article:modified_time\" content=\"2025-12-31T05:54:19+00:00\" \/>\n<meta name=\"twitter:card\" content=\"summary_large_image\" \/>\n<meta name=\"twitter:label1\" content=\"Tempo estimado de leitura\" \/>\n\t<meta name=\"twitter:data1\" content=\"3 minutos\" \/>\n<script type=\"application\/ld+json\" class=\"yoast-schema-graph\">{\"@context\":\"https:\/\/schema.org\",\"@graph\":[{\"@type\":\"WebPage\",\"@id\":\"https:\/\/cosmo5.luke.1000headsdev.com\/pt-pt\/cookie-policy\/\",\"url\":\"https:\/\/cosmo5.luke.1000headsdev.com\/pt-pt\/cookie-policy\/\",\"name\":\"Pol\u00edtica de Cookies | Cosmo5\",\"isPartOf\":{\"@id\":\"https:\/\/cosmo5.luke.1000headsdev.com\/pt-pt\/#website\"},\"datePublished\":\"2025-12-05T17:17:27+00:00\",\"dateModified\":\"2025-12-31T05:54:19+00:00\",\"description\":\"Leia a pol\u00edtica de cookies da Cosmo5 e saiba como utilizamos cookies e tecnologias semelhantes para melhorar a experi\u00eancia do utilizador e medir o desempenho do site.\",\"breadcrumb\":{\"@id\":\"https:\/\/cosmo5.luke.1000headsdev.com\/pt-pt\/cookie-policy\/#breadcrumb\"},\"inLanguage\":\"pt-PT\",\"potentialAction\":[{\"@type\":\"ReadAction\",\"target\":[\"https:\/\/cosmo5.luke.1000headsdev.com\/pt-pt\/cookie-policy\/\"]}]},{\"@type\":\"BreadcrumbList\",\"@id\":\"https:\/\/cosmo5.luke.1000headsdev.com\/pt-pt\/cookie-policy\/#breadcrumb\",\"itemListElement\":[{\"@type\":\"ListItem\",\"position\":1,\"name\":\"Home\",\"item\":\"https:\/\/cosmo5.luke.1000headsdev.com\/pt-pt\/\"},{\"@type\":\"ListItem\",\"position\":2,\"name\":\"Pol\u00edtica de Cookies\"}]},{\"@type\":\"WebSite\",\"@id\":\"https:\/\/cosmo5.luke.1000headsdev.com\/pt-pt\/#website\",\"url\":\"https:\/\/cosmo5.luke.1000headsdev.com\/pt-pt\/\",\"name\":\"Cosmo5\",\"description\":\"\",\"publisher\":{\"@id\":\"https:\/\/cosmo5.luke.1000headsdev.com\/pt-pt\/#organization\"},\"potentialAction\":[{\"@type\":\"SearchAction\",\"target\":{\"@type\":\"EntryPoint\",\"urlTemplate\":\"https:\/\/cosmo5.luke.1000headsdev.com\/pt-pt\/?s={search_term_string}\"},\"query-input\":{\"@type\":\"PropertyValueSpecification\",\"valueRequired\":true,\"valueName\":\"search_term_string\"}}],\"inLanguage\":\"pt-PT\"},{\"@type\":\"Organization\",\"@id\":\"https:\/\/cosmo5.luke.1000headsdev.com\/pt-pt\/#organization\",\"name\":\"Cosmo5\",\"url\":\"https:\/\/cosmo5.luke.1000headsdev.com\/pt-pt\/\",\"logo\":{\"@type\":\"ImageObject\",\"inLanguage\":\"pt-PT\",\"@id\":\"https:\/\/cosmo5.luke.1000headsdev.com\/pt-pt\/#\/schema\/logo\/image\/\",\"url\":\"https:\/\/cosmo5.luke.1000headsdev.com\/wp-content\/uploads\/2025\/12\/c5_logo.svg\",\"contentUrl\":\"https:\/\/cosmo5.luke.1000headsdev.com\/wp-content\/uploads\/2025\/12\/c5_logo.svg\",\"caption\":\"Cosmo5\"},\"image\":{\"@id\":\"https:\/\/cosmo5.luke.1000headsdev.com\/pt-pt\/#\/schema\/logo\/image\/\"}}]}<\/script>\n<!-- \/ Yoast SEO plugin. -->","yoast_head_json":{"title":"Pol\u00edtica de Cookies | Cosmo5","description":"Leia a pol\u00edtica de cookies da Cosmo5 e saiba como utilizamos cookies e tecnologias semelhantes para melhorar a experi\u00eancia do utilizador e medir o desempenho do site.","robots":{"index":"noindex","follow":"follow","max-snippet":"max-snippet:-1","max-image-preview":"max-image-preview:large","max-video-preview":"max-video-preview:-1"},"og_locale":"pt_PT","og_type":"article","og_title":"Pol\u00edtica de Cookies | Cosmo5","og_description":"Leia a pol\u00edtica de cookies da Cosmo5 e saiba como utilizamos cookies e tecnologias semelhantes para melhorar a experi\u00eancia do utilizador e medir o desempenho do site.","og_url":"https:\/\/cosmo5.luke.1000headsdev.com\/pt-pt\/cookie-policy\/","og_site_name":"Cosmo5","article_modified_time":"2025-12-31T05:54:19+00:00","twitter_card":"summary_large_image","twitter_misc":{"Tempo estimado de leitura":"3 minutos"},"schema":{"@context":"https:\/\/schema.org","@graph":[{"@type":"WebPage","@id":"https:\/\/cosmo5.luke.1000headsdev.com\/pt-pt\/cookie-policy\/","url":"https:\/\/cosmo5.luke.1000headsdev.com\/pt-pt\/cookie-policy\/","name":"Pol\u00edtica de Cookies | Cosmo5","isPartOf":{"@id":"https:\/\/cosmo5.luke.1000headsdev.com\/pt-pt\/#website"},"datePublished":"2025-12-05T17:17:27+00:00","dateModified":"2025-12-31T05:54:19+00:00","description":"Leia a pol\u00edtica de cookies da Cosmo5 e saiba como utilizamos cookies e tecnologias semelhantes para melhorar a experi\u00eancia do utilizador e medir o desempenho do site.","breadcrumb":{"@id":"https:\/\/cosmo5.luke.1000headsdev.com\/pt-pt\/cookie-policy\/#breadcrumb"},"inLanguage":"pt-PT","potentialAction":[{"@type":"ReadAction","target":["https:\/\/cosmo5.luke.1000headsdev.com\/pt-pt\/cookie-policy\/"]}]},{"@type":"BreadcrumbList","@id":"https:\/\/cosmo5.luke.1000headsdev.com\/pt-pt\/cookie-policy\/#breadcrumb","itemListElement":[{"@type":"ListItem","position":1,"name":"Home","item":"https:\/\/cosmo5.luke.1000headsdev.com\/pt-pt\/"},{"@type":"ListItem","position":2,"name":"Pol\u00edtica de Cookies"}]},{"@type":"WebSite","@id":"https:\/\/cosmo5.luke.1000headsdev.com\/pt-pt\/#website","url":"https:\/\/cosmo5.luke.1000headsdev.com\/pt-pt\/","name":"Cosmo5","description":"","publisher":{"@id":"https:\/\/cosmo5.luke.1000headsdev.com\/pt-pt\/#organization"},"potentialAction":[{"@type":"SearchAction","target":{"@type":"EntryPoint","urlTemplate":"https:\/\/cosmo5.luke.1000headsdev.com\/pt-pt\/?s={search_term_string}"},"query-input":{"@type":"PropertyValueSpecification","valueRequired":true,"valueName":"search_term_string"}}],"inLanguage":"pt-PT"},{"@type":"Organization","@id":"https:\/\/cosmo5.luke.1000headsdev.com\/pt-pt\/#organization","name":"Cosmo5","url":"https:\/\/cosmo5.luke.1000headsdev.com\/pt-pt\/","logo":{"@type":"ImageObject","inLanguage":"pt-PT","@id":"https:\/\/cosmo5.luke.1000headsdev.com\/pt-pt\/#\/schema\/logo\/image\/","url":"https:\/\/cosmo5.luke.1000headsdev.com\/wp-content\/uploads\/2025\/12\/c5_logo.svg","contentUrl":"https:\/\/cosmo5.luke.1000headsdev.com\/wp-content\/uploads\/2025\/12\/c5_logo.svg","caption":"Cosmo5"},"image":{"@id":"https:\/\/cosmo5.luke.1000headsdev.com\/pt-pt\/#\/schema\/logo\/image\/"}}]}},"_links":{"self":[{"href":"https:\/\/cosmo5.luke.1000headsdev.com\/pt-pt\/wp-json\/wp\/v2\/pages\/11662","targetHints":{"allow":["GET"]}}],"collection":[{"href":"https:\/\/cosmo5.luke.1000headsdev.com\/pt-pt\/wp-json\/wp\/v2\/pages"}],"about":[{"href":"https:\/\/cosmo5.luke.1000headsdev.com\/pt-pt\/wp-json\/wp\/v2\/types\/page"}],"author":[{"embeddable":true,"href":"https:\/\/cosmo5.luke.1000headsdev.com\/pt-pt\/wp-json\/wp\/v2\/users\/32"}],"replies":[{"embeddable":true,"href":"https:\/\/cosmo5.luke.1000headsdev.com\/pt-pt\/wp-json\/wp\/v2\/comments?post=11662"}],"version-history":[{"count":4,"href":"https:\/\/cosmo5.luke.1000headsdev.com\/pt-pt\/wp-json\/wp\/v2\/pages\/11662\/revisions"}],"predecessor-version":[{"id":16227,"href":"https:\/\/cosmo5.luke.1000headsdev.com\/pt-pt\/wp-json\/wp\/v2\/pages\/11662\/revisions\/16227"}],"wp:attachment":[{"href":"https:\/\/cosmo5.luke.1000headsdev.com\/pt-pt\/wp-json\/wp\/v2\/media?parent=11662"}],"curies":[{"name":"wp","href":"https:\/\/api.w.org\/{rel}","templated":true}]}}