{"id":11666,"date":"2025-12-05T17:10:56","date_gmt":"2025-12-05T17:10:56","guid":{"rendered":"https:\/\/c5-staging.1000headsdev.com\/terms-of-use\/"},"modified":"2025-12-31T05:54:06","modified_gmt":"2025-12-31T05:54:06","slug":"terms-of-use","status":"publish","type":"page","link":"https:\/\/cosmo5.luke.1000headsdev.com\/pt-pt\/terms-of-use\/","title":{"rendered":"Termos de Utiliza\u00e7\u00e3o"},"content":{"rendered":"\r\n<section  class=\"page-hero-banner hero-banner-mode no-bg\">\r\n\t<div class=\"container-fluid\">\r\n\t\t<div class=\"blob five\"><\/div>\r\n\t\t<div class=\"hero-banner-container no-gradient\">\r\n\t\t\t<div class=\"hero-banner-content\">\r\n\t\t\t\t<div class=\"banner-main-content\">\r\n\t\t\t\t\t<div class=\"banner-left\">\r\n\t\t\t\t\t\t<nav class=\"banner-breadcrumb\"><span><span><a href=\"https:\/\/cosmo5.luke.1000headsdev.com\/pt-pt\/\">Home<\/a><\/span><\/span><\/nav>\t\t\t\t\t\t\t\t\t\t\t\t\t<h1 id=\"page-title\" class=\"banner-headline\">\r\n\t\t\t\t\t\t\t\tTermos de Utiliza\u00e7\u00e3o\t\t\t\t\t\t\t<\/h1>\r\n\t\t\t\t\t\t\t\t\t\t\t\t\t\t\t\t\t<\/div>\r\n\r\n\t\t\t\t\t\t\t\t\t<\/div>\r\n\t\t\t<\/div>\r\n\r\n\t\t\t<div class=\"hero-observer-sentinel\" aria-hidden=\"true\"><\/div>\r\n\t\t<\/div>\r\n\t<\/div>\r\n<\/section>\n<h2 class=\"wp-block-heading\">Resumo<\/h2>\n<div class=\"wp-block-paragraph\">\n<p>\u00daltima atualiza\u00e7\u00e3o: 15 de abril de 2025<\/p>\n<\/div>\n<h2 class=\"wp-block-heading\">1. Aceita\u00e7\u00e3o dos Termos<\/h2>\n<div class=\"wp-block-paragraph\">\n<p>Ao aceder e utilizar este s\u00edtio Web, aceita e concorda em ficar vinculado a estes Termos de Utiliza\u00e7\u00e3o e \u00e0 nossa Pol\u00edtica de Privacidade. Caso n\u00e3o concorde, por favor, n\u00e3o utilize o s\u00edtio Web. <\/p>\n<\/div>\n<h2 class=\"wp-block-heading\">2. Altera\u00e7\u00f5es aos Termos<\/h2>\n<div class=\"wp-block-paragraph\">\n<p>A Cosmo5 reserva-se o direito de atualizar ou modificar estes Termos a qualquer momento, sem aviso pr\u00e9vio. A sua utiliza\u00e7\u00e3o continuada do s\u00edtio Web ap\u00f3s quaisquer altera\u00e7\u00f5es constitui aceita\u00e7\u00e3o dessas altera\u00e7\u00f5es. <\/p>\n<\/div>\n<h2 class=\"wp-block-heading\">3. Utiliza\u00e7\u00e3o do Conte\u00fado<\/h2>\n<div class=\"wp-block-paragraph\">\n<p>Todo o conte\u00fado disponibilizado neste s\u00edtio Web tem apenas fins informativos gerais. N\u00e3o pode copiar, distribuir ou explorar comercialmente o conte\u00fado sem permiss\u00e3o escrita da Cosmo5. <\/p>\n<\/div>\n<h2 class=\"wp-block-heading\">4. Conduta do Utilizador<\/h2>\n<div class=\"wp-block-paragraph\">\n<p>Concorda em n\u00e3o utilizar o s\u00edtio Web de forma a causar danos, interrup\u00e7\u00f5es ou preju\u00edzos \u00e0 Cosmo5, a outros utilizadores ou ao p\u00fablico em geral. As utiliza\u00e7\u00f5es ilegais ou proibidas incluem, entre outras, a transmiss\u00e3o de c\u00f3digo prejudicial, spam ou conte\u00fado que viole os direitos de propriedade intelectual. <\/p>\n<\/div>\n<h2 class=\"wp-block-heading\">5. Liga\u00e7\u00f5es de Terceiros<\/h2>\n<div class=\"wp-block-paragraph\">\n<p>Este s\u00edtio Web pode conter liga\u00e7\u00f5es para s\u00edtios Web de terceiros para sua conveni\u00eancia. A Cosmo5 n\u00e3o endossa e n\u00e3o \u00e9 respons\u00e1vel pelo conte\u00fado ou disponibilidade destes s\u00edtios externos. <\/p>\n<\/div>\n<h2 class=\"wp-block-heading\">6. Propriedade Intelectual<\/h2>\n<div class=\"wp-block-paragraph\">\n<p>Todas as marcas comerciais, log\u00f3tipos e conte\u00fados deste s\u00edtio Web s\u00e3o propriedade da Cosmo5 ou do seu licenciador. N\u00e3o pode utilizar, reproduzir ou distribuir qualquer conte\u00fado sem consentimento expresso por escrito. <\/p>\n<\/div>\n<h2 class=\"wp-block-heading\">7. Limita\u00e7\u00e3o de Responsabilidade<\/h2>\n<div class=\"wp-block-paragraph\">\n<p>Na medida m\u00e1xima permitida por lei, a Cosmo5 n\u00e3o ser\u00e1 respons\u00e1vel por quaisquer danos diretos, indiretos, incidentais ou consequenciais resultantes da utiliza\u00e7\u00e3o ou da impossibilidade de utiliza\u00e7\u00e3o do s\u00edtio Web.<\/p>\n<\/div>\n<h2 class=\"wp-block-heading\">8. Exclus\u00e3o de Garantias<\/h2>\n<div class=\"wp-block-paragraph\">\n<p>Este s\u00edtio Web \u00e9 fornecido &#8220;tal como est\u00e1&#8221; e &#8220;conforme dispon\u00edvel&#8221;, sem garantias de qualquer tipo. A Cosmo5 n\u00e3o garante que o s\u00edtio estar\u00e1 ininterrupto, seguro ou isento de erros. <\/p>\n<\/div>\n<h2 class=\"wp-block-heading\">9. Lei Aplic\u00e1vel<\/h2>\n<div class=\"wp-block-paragraph\">\n<p>Estes Termos de Utiliza\u00e7\u00e3o s\u00e3o regidos pelas leis de Nova Gales do Sul, Austr\u00e1lia. Quaisquer lit\u00edgios ser\u00e3o resolvidos nos tribunais localizados em Nova Gales do Sul. <\/p>\n<\/div>\n<h2 class=\"wp-block-heading\">10. Informa\u00e7\u00f5es de Contacto<\/h2>\n<div class=\"wp-block-paragraph\">\n<p>Se tiver quest\u00f5es sobre estes Termos de Utiliza\u00e7\u00e3o, por favor, contacte-nos.<\/p>\n<\/div>\n<h3 class=\"wp-block-heading\">Editor do Website<\/h3>\n<div class=\"wp-block-paragraph\">\n<p>Este website \u00e9 publicado por:<br\/><strong>LABYRINTH BIDCO<\/strong><br\/>Empresa francesa com um capital de 121 557 723 euros<br\/>19 rue Martel, 75010 Paris, Fran\u00e7a<br\/>Inscrita no Registo Nacional de Empresas franc\u00eas (Registre national des entreprises) sob o n\u00famero 900 657 354<\/p>\n<\/div>\n<h3 class=\"wp-block-heading\">Diretor de Publica\u00e7\u00e3o<\/h3>\n<div class=\"wp-block-paragraph\">\n<p>O diretor de publica\u00e7\u00e3o \u00e9 <strong>St\u00e9phane Levy<\/strong>, presidente da LABYRINTH BIDCO<\/p>\n<\/div>\n<h3 class=\"wp-block-heading\">Fornecedor de Alojamento do Website<\/h3>\n<div class=\"wp-block-paragraph\">\n<p>Este website \u00e9 alojado por:<br\/>1000heads Pty Ltd<br\/>Suite 3.02, Level 3 414 Kent Street Sydney, NSW 2000 Australia<br\/>+61 2 9251 0491<\/p>\n<\/div>\n<h3 class=\"wp-block-heading\">Fornecedor de Alojamento de Dados<\/h3>\n<div class=\"wp-block-paragraph\">\n<p>Os dados processados neste website s\u00e3o alojados por:<br\/>1000heads Pty Ltd<br\/>Suite 3.02, Level 3 414 Kent Street Sydney, NSW 2000 Australia<br\/>+61 2 9251 0491<\/p>\n<\/div><div class=\"wp-block-paragraph\">\n<p><\/p>\n<\/div>","protected":false},"excerpt":{"rendered":"<p>Resumo \u00daltima atualiza\u00e7\u00e3o: 15 de abril de 2025 1. Aceita\u00e7\u00e3o dos Termos Ao aceder e utilizar este s\u00edtio Web, aceita e concorda em ficar vinculado a estes Termos de Utiliza\u00e7\u00e3o e \u00e0 nossa Pol\u00edtica de Privacidade. Caso n\u00e3o concorde, por favor, n\u00e3o utilize o s\u00edtio Web. 2. Altera\u00e7\u00f5es aos Termos A Cosmo5 reserva-se o direito [&hellip;]<\/p>\n","protected":false},"author":32,"featured_media":0,"parent":0,"menu_order":0,"comment_status":"closed","ping_status":"closed","template":"page-simple.php","meta":{"_acf_changed":false,"footnotes":""},"class_list":["post-11666","page","type-page","status-publish","hentry"],"acf":[],"yoast_head":"<!-- This site is optimized with the Yoast SEO plugin v26.5 - https:\/\/yoast.com\/wordpress\/plugins\/seo\/ -->\n<title>Termos de Utiliza\u00e7\u00e3o | Cosmo5<\/title>\n<meta name=\"description\" content=\"Leia os termos de utiliza\u00e7\u00e3o do Cosmo5, incluindo as condi\u00e7\u00f5es de acesso e utiliza\u00e7\u00e3o do nosso s\u00edtio Web, conte\u00fados e servi\u00e7os digitais.\" \/>\n<meta name=\"robots\" content=\"noindex, follow, max-snippet:-1, max-image-preview:large, max-video-preview:-1\" \/>\n<meta property=\"og:locale\" content=\"pt_PT\" \/>\n<meta property=\"og:type\" content=\"article\" \/>\n<meta property=\"og:title\" content=\"Termos de Utiliza\u00e7\u00e3o | Cosmo5\" \/>\n<meta property=\"og:description\" content=\"Leia os termos de utiliza\u00e7\u00e3o do Cosmo5, incluindo as condi\u00e7\u00f5es de acesso e utiliza\u00e7\u00e3o do nosso s\u00edtio Web, conte\u00fados e servi\u00e7os digitais.\" \/>\n<meta property=\"og:url\" content=\"https:\/\/cosmo5.luke.1000headsdev.com\/pt-pt\/terms-of-use\/\" \/>\n<meta property=\"og:site_name\" content=\"Cosmo5\" \/>\n<meta property=\"article:modified_time\" content=\"2025-12-31T05:54:06+00:00\" \/>\n<meta name=\"twitter:card\" content=\"summary_large_image\" \/>\n<meta name=\"twitter:label1\" content=\"Tempo estimado de leitura\" \/>\n\t<meta name=\"twitter:data1\" content=\"2 minutos\" \/>\n<script type=\"application\/ld+json\" class=\"yoast-schema-graph\">{\"@context\":\"https:\/\/schema.org\",\"@graph\":[{\"@type\":\"WebPage\",\"@id\":\"https:\/\/cosmo5.luke.1000headsdev.com\/pt-pt\/terms-of-use\/\",\"url\":\"https:\/\/cosmo5.luke.1000headsdev.com\/pt-pt\/terms-of-use\/\",\"name\":\"Termos de Utiliza\u00e7\u00e3o | Cosmo5\",\"isPartOf\":{\"@id\":\"https:\/\/cosmo5.luke.1000headsdev.com\/pt-pt\/#website\"},\"datePublished\":\"2025-12-05T17:10:56+00:00\",\"dateModified\":\"2025-12-31T05:54:06+00:00\",\"description\":\"Leia os termos de utiliza\u00e7\u00e3o do Cosmo5, incluindo as condi\u00e7\u00f5es de acesso e utiliza\u00e7\u00e3o do nosso s\u00edtio Web, conte\u00fados e servi\u00e7os digitais.\",\"breadcrumb\":{\"@id\":\"https:\/\/cosmo5.luke.1000headsdev.com\/pt-pt\/terms-of-use\/#breadcrumb\"},\"inLanguage\":\"pt-PT\",\"potentialAction\":[{\"@type\":\"ReadAction\",\"target\":[\"https:\/\/cosmo5.luke.1000headsdev.com\/pt-pt\/terms-of-use\/\"]}]},{\"@type\":\"BreadcrumbList\",\"@id\":\"https:\/\/cosmo5.luke.1000headsdev.com\/pt-pt\/terms-of-use\/#breadcrumb\",\"itemListElement\":[{\"@type\":\"ListItem\",\"position\":1,\"name\":\"Home\",\"item\":\"https:\/\/cosmo5.luke.1000headsdev.com\/pt-pt\/\"},{\"@type\":\"ListItem\",\"position\":2,\"name\":\"Termos de Utiliza\u00e7\u00e3o\"}]},{\"@type\":\"WebSite\",\"@id\":\"https:\/\/cosmo5.luke.1000headsdev.com\/pt-pt\/#website\",\"url\":\"https:\/\/cosmo5.luke.1000headsdev.com\/pt-pt\/\",\"name\":\"Cosmo5\",\"description\":\"\",\"publisher\":{\"@id\":\"https:\/\/cosmo5.luke.1000headsdev.com\/pt-pt\/#organization\"},\"potentialAction\":[{\"@type\":\"SearchAction\",\"target\":{\"@type\":\"EntryPoint\",\"urlTemplate\":\"https:\/\/cosmo5.luke.1000headsdev.com\/pt-pt\/?s={search_term_string}\"},\"query-input\":{\"@type\":\"PropertyValueSpecification\",\"valueRequired\":true,\"valueName\":\"search_term_string\"}}],\"inLanguage\":\"pt-PT\"},{\"@type\":\"Organization\",\"@id\":\"https:\/\/cosmo5.luke.1000headsdev.com\/pt-pt\/#organization\",\"name\":\"Cosmo5\",\"url\":\"https:\/\/cosmo5.luke.1000headsdev.com\/pt-pt\/\",\"logo\":{\"@type\":\"ImageObject\",\"inLanguage\":\"pt-PT\",\"@id\":\"https:\/\/cosmo5.luke.1000headsdev.com\/pt-pt\/#\/schema\/logo\/image\/\",\"url\":\"https:\/\/cosmo5.luke.1000headsdev.com\/wp-content\/uploads\/2025\/12\/c5_logo.svg\",\"contentUrl\":\"https:\/\/cosmo5.luke.1000headsdev.com\/wp-content\/uploads\/2025\/12\/c5_logo.svg\",\"caption\":\"Cosmo5\"},\"image\":{\"@id\":\"https:\/\/cosmo5.luke.1000headsdev.com\/pt-pt\/#\/schema\/logo\/image\/\"}}]}<\/script>\n<!-- \/ Yoast SEO plugin. -->","yoast_head_json":{"title":"Termos de Utiliza\u00e7\u00e3o | Cosmo5","description":"Leia os termos de utiliza\u00e7\u00e3o do Cosmo5, incluindo as condi\u00e7\u00f5es de acesso e utiliza\u00e7\u00e3o do nosso s\u00edtio Web, conte\u00fados e servi\u00e7os digitais.","robots":{"index":"noindex","follow":"follow","max-snippet":"max-snippet:-1","max-image-preview":"max-image-preview:large","max-video-preview":"max-video-preview:-1"},"og_locale":"pt_PT","og_type":"article","og_title":"Termos de Utiliza\u00e7\u00e3o | Cosmo5","og_description":"Leia os termos de utiliza\u00e7\u00e3o do Cosmo5, incluindo as condi\u00e7\u00f5es de acesso e utiliza\u00e7\u00e3o do nosso s\u00edtio Web, conte\u00fados e servi\u00e7os digitais.","og_url":"https:\/\/cosmo5.luke.1000headsdev.com\/pt-pt\/terms-of-use\/","og_site_name":"Cosmo5","article_modified_time":"2025-12-31T05:54:06+00:00","twitter_card":"summary_large_image","twitter_misc":{"Tempo estimado de leitura":"2 minutos"},"schema":{"@context":"https:\/\/schema.org","@graph":[{"@type":"WebPage","@id":"https:\/\/cosmo5.luke.1000headsdev.com\/pt-pt\/terms-of-use\/","url":"https:\/\/cosmo5.luke.1000headsdev.com\/pt-pt\/terms-of-use\/","name":"Termos de Utiliza\u00e7\u00e3o | Cosmo5","isPartOf":{"@id":"https:\/\/cosmo5.luke.1000headsdev.com\/pt-pt\/#website"},"datePublished":"2025-12-05T17:10:56+00:00","dateModified":"2025-12-31T05:54:06+00:00","description":"Leia os termos de utiliza\u00e7\u00e3o do Cosmo5, incluindo as condi\u00e7\u00f5es de acesso e utiliza\u00e7\u00e3o do nosso s\u00edtio Web, conte\u00fados e servi\u00e7os digitais.","breadcrumb":{"@id":"https:\/\/cosmo5.luke.1000headsdev.com\/pt-pt\/terms-of-use\/#breadcrumb"},"inLanguage":"pt-PT","potentialAction":[{"@type":"ReadAction","target":["https:\/\/cosmo5.luke.1000headsdev.com\/pt-pt\/terms-of-use\/"]}]},{"@type":"BreadcrumbList","@id":"https:\/\/cosmo5.luke.1000headsdev.com\/pt-pt\/terms-of-use\/#breadcrumb","itemListElement":[{"@type":"ListItem","position":1,"name":"Home","item":"https:\/\/cosmo5.luke.1000headsdev.com\/pt-pt\/"},{"@type":"ListItem","position":2,"name":"Termos de Utiliza\u00e7\u00e3o"}]},{"@type":"WebSite","@id":"https:\/\/cosmo5.luke.1000headsdev.com\/pt-pt\/#website","url":"https:\/\/cosmo5.luke.1000headsdev.com\/pt-pt\/","name":"Cosmo5","description":"","publisher":{"@id":"https:\/\/cosmo5.luke.1000headsdev.com\/pt-pt\/#organization"},"potentialAction":[{"@type":"SearchAction","target":{"@type":"EntryPoint","urlTemplate":"https:\/\/cosmo5.luke.1000headsdev.com\/pt-pt\/?s={search_term_string}"},"query-input":{"@type":"PropertyValueSpecification","valueRequired":true,"valueName":"search_term_string"}}],"inLanguage":"pt-PT"},{"@type":"Organization","@id":"https:\/\/cosmo5.luke.1000headsdev.com\/pt-pt\/#organization","name":"Cosmo5","url":"https:\/\/cosmo5.luke.1000headsdev.com\/pt-pt\/","logo":{"@type":"ImageObject","inLanguage":"pt-PT","@id":"https:\/\/cosmo5.luke.1000headsdev.com\/pt-pt\/#\/schema\/logo\/image\/","url":"https:\/\/cosmo5.luke.1000headsdev.com\/wp-content\/uploads\/2025\/12\/c5_logo.svg","contentUrl":"https:\/\/cosmo5.luke.1000headsdev.com\/wp-content\/uploads\/2025\/12\/c5_logo.svg","caption":"Cosmo5"},"image":{"@id":"https:\/\/cosmo5.luke.1000headsdev.com\/pt-pt\/#\/schema\/logo\/image\/"}}]}},"_links":{"self":[{"href":"https:\/\/cosmo5.luke.1000headsdev.com\/pt-pt\/wp-json\/wp\/v2\/pages\/11666","targetHints":{"allow":["GET"]}}],"collection":[{"href":"https:\/\/cosmo5.luke.1000headsdev.com\/pt-pt\/wp-json\/wp\/v2\/pages"}],"about":[{"href":"https:\/\/cosmo5.luke.1000headsdev.com\/pt-pt\/wp-json\/wp\/v2\/types\/page"}],"author":[{"embeddable":true,"href":"https:\/\/cosmo5.luke.1000headsdev.com\/pt-pt\/wp-json\/wp\/v2\/users\/32"}],"replies":[{"embeddable":true,"href":"https:\/\/cosmo5.luke.1000headsdev.com\/pt-pt\/wp-json\/wp\/v2\/comments?post=11666"}],"version-history":[{"count":4,"href":"https:\/\/cosmo5.luke.1000headsdev.com\/pt-pt\/wp-json\/wp\/v2\/pages\/11666\/revisions"}],"predecessor-version":[{"id":16215,"href":"https:\/\/cosmo5.luke.1000headsdev.com\/pt-pt\/wp-json\/wp\/v2\/pages\/11666\/revisions\/16215"}],"wp:attachment":[{"href":"https:\/\/cosmo5.luke.1000headsdev.com\/pt-pt\/wp-json\/wp\/v2\/media?parent=11666"}],"curies":[{"name":"wp","href":"https:\/\/api.w.org\/{rel}","templated":true}]}}